{"id":3376,"date":"2022-07-13T08:10:39","date_gmt":"2022-07-13T08:10:39","guid":{"rendered":"https:\/\/hermagic.com\/?page_id=3376"},"modified":"2022-09-14T11:34:17","modified_gmt":"2022-09-14T11:34:17","slug":"about-us","status":"publish","type":"page","link":"https:\/\/test2.hermagic.com\/cs\/about-us\/","title":{"rendered":"O n\u00e1s"},"content":{"rendered":"<div data-elementor-type=\"wp-page\" data-elementor-id=\"3376\" class=\"elementor elementor-3376\">\n\t\t\t\t\t\t\t<div class=\"elementor-element elementor-element-48134c2 e-con-boxed e-con\" data-id=\"48134c2\" data-element_type=\"container\" data-settings=\"{&quot;content_width&quot;:&quot;boxed&quot;}\">\n\t\t\t\t\t<div class=\"e-con-inner\">\n\t\t<div class=\"elementor-element elementor-element-224a150 e-con-full e-con\" data-id=\"224a150\" data-element_type=\"container\" data-settings=\"{&quot;content_width&quot;:&quot;full&quot;}\">\n\t\t\t\t<div class=\"elementor-element elementor-element-28cfd2b elementor-widget elementor-widget-image\" data-id=\"28cfd2b\" data-element_type=\"widget\" data-widget_type=\"image.default\">\n\t\t\t\t<div class=\"elementor-widget-container\">\n\t\t\t<style>\/*! elementor - v3.11.5 - 14-03-2023 *\/\n.elementor-widget-image{text-align:center}.elementor-widget-image a{display:inline-block}.elementor-widget-image a img[src$=\".svg\"]{width:48px}.elementor-widget-image img{vertical-align:middle;display:inline-block}<\/style>\t\t\t\t\t\t\t\t\t\t\t\t<img decoding=\"async\" width=\"559\" height=\"441\" src=\"data:image\/gif;base64,R0lGODlhAQABAAAAACH5BAEKAAEALAAAAAABAAEAAAICTAEAOw==\" class=\"attachment-large size-large wp-image-3379 lazyload\" alt=\"\" data-src=\"https:\/\/test2.hermagic.com\/wp-content\/uploads\/2022\/07\/about.jpg\">\t\t\t\t\t\t\t\t\t\t\t\t\t\t\t<\/div>\n\t\t\t\t<\/div>\n\t\t\t\t<\/div>\n\t\t<div class=\"elementor-element elementor-element-8683d7d e-con-full e-con\" data-id=\"8683d7d\" data-element_type=\"container\" data-settings=\"{&quot;content_width&quot;:&quot;full&quot;}\">\n\t\t\t\t<div class=\"elementor-element elementor-element-040f2fb elementor-widget elementor-widget-text-editor\" data-id=\"040f2fb\" data-element_type=\"widget\" data-widget_type=\"text-editor.default\">\n\t\t\t\t<div class=\"elementor-widget-container\">\n\t\t\t<style>\/*! elementor - v3.11.5 - 14-03-2023 *\/\n.elementor-widget-text-editor.elementor-drop-cap-view-stacked .elementor-drop-cap{background-color:#818a91;color:#fff}.elementor-widget-text-editor.elementor-drop-cap-view-framed .elementor-drop-cap{color:#818a91;border:3px solid;background-color:transparent}.elementor-widget-text-editor:not(.elementor-drop-cap-view-default) .elementor-drop-cap{margin-top:8px}.elementor-widget-text-editor:not(.elementor-drop-cap-view-default) .elementor-drop-cap-letter{width:1em;height:1em}.elementor-widget-text-editor .elementor-drop-cap{float:left;text-align:center;line-height:1;font-size:50px}.elementor-widget-text-editor .elementor-drop-cap-letter{display:inline-block}<\/style>\t\t\t\t<p>Jsme glob\u00e1ln\u00ed medi\u00e1ln\u00ed a z\u00e1bavn\u00ed platforma, kter\u00e1 odr\u00e1\u017e\u00ed my\u0161lenky a n\u00e1pady dne\u0161n\u00edch hmotn\u00fdch \u017een, kter\u00e9 jsou siln\u00e9, v\u00e1\u0161niv\u00e9 a nekonformn\u00ed. Inspirujeme \u017eeny, aby prozkoum\u00e1valy a pro\u017e\u00edvaly r\u016fzn\u00e9 dimenze sv\u00e9ho sv\u011bta \u2013 vztahy, vlastn\u00ed r\u016fst, kari\u00e9ru, cestov\u00e1n\u00ed, zdravotn\u00ed a soci\u00e1ln\u00ed probl\u00e9my. Jsme o ka\u017ed\u00e9 \u017een\u011b, kter\u00e1 sv\u011btu dokazuje sv\u00e9 um\u011bn\u00ed a nech\u00e1v\u00e1 ho \u201eokouzlen\u201c. Na tomto port\u00e1lu oslavujeme \u201eHerMagic\u201c.<\/p>\t\t\t\t\t\t<\/div>\n\t\t\t\t<\/div>\n\t\t\t\t<\/div>\n\t\t\t\t\t<\/div>\n\t\t\t\t<\/div>\n\t\t\t\t\t\t\t<\/div>","protected":false},"excerpt":{"rendered":"<p>We are a global media and entertainment platform that reflects the thoughts and ideas of today\u2019s women of substance who are powerful, passionate, and nonconformist. We inspire women to explore and experience different dimensions of their world \u2013 relationships, self-growth, career, travel, health and social issues. We are about every woman who is proving her [&hellip;]<\/p>","protected":false},"author":1,"featured_media":0,"parent":0,"menu_order":0,"comment_status":"closed","ping_status":"closed","template":"","meta":{"footnotes":""},"class_list":["post-3376","page","type-page","status-publish","hentry"],"_links":{"self":[{"href":"https:\/\/test2.hermagic.com\/cs\/wp-json\/wp\/v2\/pages\/3376","targetHints":{"allow":["GET"]}}],"collection":[{"href":"https:\/\/test2.hermagic.com\/cs\/wp-json\/wp\/v2\/pages"}],"about":[{"href":"https:\/\/test2.hermagic.com\/cs\/wp-json\/wp\/v2\/types\/page"}],"author":[{"embeddable":true,"href":"https:\/\/test2.hermagic.com\/cs\/wp-json\/wp\/v2\/users\/1"}],"replies":[{"embeddable":true,"href":"https:\/\/test2.hermagic.com\/cs\/wp-json\/wp\/v2\/comments?post=3376"}],"version-history":[{"count":0,"href":"https:\/\/test2.hermagic.com\/cs\/wp-json\/wp\/v2\/pages\/3376\/revisions"}],"wp:attachment":[{"href":"https:\/\/test2.hermagic.com\/cs\/wp-json\/wp\/v2\/media?parent=3376"}],"curies":[{"name":"wp","href":"https:\/\/api.w.org\/{rel}","templated":true}]}}