{"id":6972,"date":"2022-09-29T05:28:57","date_gmt":"2022-09-29T05:28:57","guid":{"rendered":"https:\/\/hermagic.com\/?page_id=6972"},"modified":"2022-09-29T05:28:57","modified_gmt":"2022-09-29T05:28:57","slug":"privacy-policy","status":"publish","type":"page","link":"https:\/\/test2.hermagic.com\/cs\/privacy-policy\/","title":{"rendered":"Z\u00e1sady ochrany osobn\u00edch \u00fadaj\u016f"},"content":{"rendered":"<p>V hermagic, dostupn\u00e9m z https:\/\/hermagic.com\/, je jednou z na\u0161ich hlavn\u00edch priorit soukrom\u00ed na\u0161ich n\u00e1v\u0161t\u011bvn\u00edk\u016f. Tento dokument Z\u00e1sady ochrany osobn\u00edch \u00fadaj\u016f obsahuje typy informac\u00ed, kter\u00e9 shroma\u017e\u010fuje a zaznamen\u00e1v\u00e1 spole\u010dnost hermagic, a jak je pou\u017e\u00edv\u00e1me.<\/p>\n<p>Pokud m\u00e1te dal\u0161\u00ed ot\u00e1zky nebo po\u017eadujete v\u00edce informac\u00ed o na\u0161ich Z\u00e1sad\u00e1ch ochrany osobn\u00edch \u00fadaj\u016f, nev\u00e1hejte n\u00e1s kontaktovat.<\/p>\n<p>Tyto Z\u00e1sady ochrany osobn\u00edch \u00fadaj\u016f se vztahuj\u00ed pouze na na\u0161e online aktivity a jsou platn\u00e9 pro n\u00e1v\u0161t\u011bvn\u00edky na\u0161ich webov\u00fdch str\u00e1nek s ohledem na informace, kter\u00e9 sd\u00edleli a\/nebo sb\u00edrali v hermagii. Tyto z\u00e1sady se nevztahuj\u00ed na \u017e\u00e1dn\u00e9 informace shrom\u00e1\u017ed\u011bn\u00e9 offline nebo prost\u0159ednictv\u00edm jin\u00fdch kan\u00e1l\u016f, ne\u017e je tento web.<\/p>\n<div id=\"ez-toc-container\" class=\"ez-toc-v2_0_46 counter-hierarchy ez-toc-counter ez-toc-grey ez-toc-container-direction\">\n<div class=\"ez-toc-title-container\">\n<p class=\"ez-toc-title\">Table of Contents<\/p>\n<span class=\"ez-toc-title-toggle\"><a href=\"#\" class=\"ez-toc-pull-right ez-toc-btn ez-toc-btn-xs ez-toc-btn-default ez-toc-toggle\" aria-label=\"ez-toc-toggle-icon-1\"><label for=\"item-69d7f24570299\" aria-label=\"Table of Content\"><span style=\"display: flex;align-items: center;width: 35px;height: 30px;justify-content: center;direction:ltr;\"><svg style=\"fill: #999;color:#999\" xmlns=\"http:\/\/www.w3.org\/2000\/svg\" class=\"list-377408\" width=\"20px\" height=\"20px\" viewbox=\"0 0 24 24\" fill=\"none\"><path d=\"M6 6H4v2h2V6zm14 0H8v2h12V6zM4 11h2v2H4v-2zm16 0H8v2h12v-2zM4 16h2v2H4v-2zm16 0H8v2h12v-2z\" fill=\"currentColor\"><\/path><\/svg><svg style=\"fill: #999;color:#999\" class=\"arrow-unsorted-368013\" xmlns=\"http:\/\/www.w3.org\/2000\/svg\" width=\"10px\" height=\"10px\" viewbox=\"0 0 24 24\" version=\"1.2\" baseprofile=\"tiny\"><path d=\"M18.2 9.3l-6.2-6.3-6.2 6.3c-.2.2-.3.4-.3.7s.1.5.3.7c.2.2.4.3.7.3h11c.3 0 .5-.1.7-.3.2-.2.3-.5.3-.7s-.1-.5-.3-.7zM5.8 14.7l6.2 6.3 6.2-6.3c.2-.2.3-.5.3-.7s-.1-.5-.3-.7c-.2-.2-.4-.3-.7-.3h-11c-.3 0-.5.1-.7.3-.2.2-.3.5-.3.7s.1.5.3.7z\"\/><\/svg><\/span><\/label><input  type=\"checkbox\" id=\"item-69d7f24570299\"><\/a><\/span><\/div>\n<nav><ul class='ez-toc-list ez-toc-list-level-1' ><li class='ez-toc-page-1 ez-toc-heading-level-2'><a class=\"ez-toc-link ez-toc-heading-1\" href=\"https:\/\/test2.hermagic.com\/cs\/privacy-policy\/#Consent\" title=\"Souhlas\">Souhlas<\/a><\/li><li class='ez-toc-page-1 ez-toc-heading-level-2'><a class=\"ez-toc-link ez-toc-heading-2\" href=\"https:\/\/test2.hermagic.com\/cs\/privacy-policy\/#Information_we_collect\" title=\"Informace, kter\u00e9 shroma\u017e\u010fujeme\">Informace, kter\u00e9 shroma\u017e\u010fujeme<\/a><\/li><li class='ez-toc-page-1 ez-toc-heading-level-2'><a class=\"ez-toc-link ez-toc-heading-3\" href=\"https:\/\/test2.hermagic.com\/cs\/privacy-policy\/#How_we_use_your_information\" title=\"Jak pou\u017e\u00edv\u00e1me va\u0161e informace\">Jak pou\u017e\u00edv\u00e1me va\u0161e informace<\/a><\/li><li class='ez-toc-page-1 ez-toc-heading-level-2'><a class=\"ez-toc-link ez-toc-heading-4\" href=\"https:\/\/test2.hermagic.com\/cs\/privacy-policy\/#Log_Files\" title=\"Z\u00e1znam soubor\u016f\">Z\u00e1znam soubor\u016f<\/a><\/li><li class='ez-toc-page-1 ez-toc-heading-level-2'><a class=\"ez-toc-link ez-toc-heading-5\" href=\"https:\/\/test2.hermagic.com\/cs\/privacy-policy\/#Cookies_and_Web_Beacons\" title=\"Soubory cookie a webov\u00e9 maj\u00e1ky\">Soubory cookie a webov\u00e9 maj\u00e1ky<\/a><\/li><li class='ez-toc-page-1 ez-toc-heading-level-2'><a class=\"ez-toc-link ez-toc-heading-6\" href=\"https:\/\/test2.hermagic.com\/cs\/privacy-policy\/#Google_DoubleClick_DART_Cookie\" title=\"Google DoubleClick DART cookie\">Google DoubleClick DART cookie<\/a><\/li><li class='ez-toc-page-1 ez-toc-heading-level-2'><a class=\"ez-toc-link ez-toc-heading-7\" href=\"https:\/\/test2.hermagic.com\/cs\/privacy-policy\/#Our_Advertising_Partners\" title=\"Na\u0161i reklamn\u00ed partne\u0159i\">Na\u0161i reklamn\u00ed partne\u0159i<\/a><\/li><li class='ez-toc-page-1 ez-toc-heading-level-2'><a class=\"ez-toc-link ez-toc-heading-8\" href=\"https:\/\/test2.hermagic.com\/cs\/privacy-policy\/#Advertising_Partners_Privacy_Policies\" title=\"Z\u00e1sady ochrany osobn\u00edch \u00fadaj\u016f reklamn\u00edch partner\u016f\">Z\u00e1sady ochrany osobn\u00edch \u00fadaj\u016f reklamn\u00edch partner\u016f<\/a><\/li><li class='ez-toc-page-1 ez-toc-heading-level-2'><a class=\"ez-toc-link ez-toc-heading-9\" href=\"https:\/\/test2.hermagic.com\/cs\/privacy-policy\/#Third_Party_Privacy_Policies\" title=\"Z\u00e1sady ochrany osobn\u00edch \u00fadaj\u016f t\u0159et\u00edch stran\">Z\u00e1sady ochrany osobn\u00edch \u00fadaj\u016f t\u0159et\u00edch stran<\/a><\/li><li class='ez-toc-page-1 ez-toc-heading-level-2'><a class=\"ez-toc-link ez-toc-heading-10\" href=\"https:\/\/test2.hermagic.com\/cs\/privacy-policy\/#CCPA_Privacy_Rights_Do_Not_Sell_My_Personal_Information\" title=\"Pr\u00e1va na ochranu osobn\u00edch \u00fadaj\u016f CCPA (Neprod\u00e1vejte m\u00e9 osobn\u00ed \u00fadaje)\">Pr\u00e1va na ochranu osobn\u00edch \u00fadaj\u016f CCPA (Neprod\u00e1vejte m\u00e9 osobn\u00ed \u00fadaje)<\/a><\/li><li class='ez-toc-page-1 ez-toc-heading-level-2'><a class=\"ez-toc-link ez-toc-heading-11\" href=\"https:\/\/test2.hermagic.com\/cs\/privacy-policy\/#GDPR_Data_Protection_Rights\" title=\"Pr\u00e1va na ochranu osobn\u00edch \u00fadaj\u016f GDPR\">Pr\u00e1va na ochranu osobn\u00edch \u00fadaj\u016f GDPR<\/a><\/li><li class='ez-toc-page-1 ez-toc-heading-level-2'><a class=\"ez-toc-link ez-toc-heading-12\" href=\"https:\/\/test2.hermagic.com\/cs\/privacy-policy\/#Childrens_Information\" title=\"Informace pro d\u011bti\">Informace pro d\u011bti<\/a><\/li><\/ul><\/nav><\/div>\n<h2><span class=\"ez-toc-section\" id=\"Consent\"><\/span>Souhlas<span class=\"ez-toc-section-end\"><\/span><\/h2>\n<p>Pou\u017e\u00edv\u00e1n\u00edm na\u0161ich webov\u00fdch str\u00e1nek souhlas\u00edte s na\u0161imi Z\u00e1sadami ochrany osobn\u00edch \u00fadaj\u016f a souhlas\u00edte s jejich podm\u00ednkami.<\/p>\n<h2><span class=\"ez-toc-section\" id=\"Information_we_collect\"><\/span>Informace, kter\u00e9 shroma\u017e\u010fujeme<span class=\"ez-toc-section-end\"><\/span><\/h2>\n<p>Osobn\u00ed \u00fadaje, o jejich\u017e poskytnut\u00ed jste po\u017e\u00e1d\u00e1ni, a d\u016fvody, pro\u010d jste o jejich poskytnut\u00ed po\u017e\u00e1d\u00e1ni, v\u00e1m budou sd\u011bleny v okam\u017eiku, kdy v\u00e1s po\u017e\u00e1d\u00e1me o poskytnut\u00ed va\u0161ich osobn\u00edch \u00fadaj\u016f.<\/p>\n<p>Pokud n\u00e1s kontaktujete p\u0159\u00edmo, m\u016f\u017eeme o v\u00e1s obdr\u017eet dal\u0161\u00ed informace, jako je va\u0161e jm\u00e9no, e-mailov\u00e1 adresa, telefonn\u00ed \u010d\u00edslo, obsah zpr\u00e1vy a\/nebo p\u0159\u00edlohy, kter\u00e9 n\u00e1m m\u016f\u017eete poslat, a jak\u00e9koli dal\u0161\u00ed informace, kter\u00e9 se rozhodnete poskytnout.<\/p>\n<p>Kdy\u017e si zaregistrujete \u00da\u010det, m\u016f\u017eeme v\u00e1s po\u017e\u00e1dat o kontaktn\u00ed \u00fadaje, v\u010detn\u011b polo\u017eek, jako je jm\u00e9no, n\u00e1zev spole\u010dnosti, adresa, e-mailov\u00e1 adresa a telefonn\u00ed \u010d\u00edslo.<\/p>\n<h2><span class=\"ez-toc-section\" id=\"How_we_use_your_information\"><\/span>Jak pou\u017e\u00edv\u00e1me va\u0161e informace<span class=\"ez-toc-section-end\"><\/span><\/h2>\n<p>\u00dadaje, kter\u00e9 shroma\u017e\u010fujeme, pou\u017e\u00edv\u00e1me r\u016fzn\u00fdmi zp\u016fsoby, v\u010detn\u011b:<\/p>\n<ul>\n<li>Poskytovat, provozovat a udr\u017eovat na\u0161e webov\u00e9 str\u00e1nky<\/li>\n<li>Vylep\u0161ete, personalizujte a roz\u0161i\u0159te na\u0161e webov\u00e9 str\u00e1nky<\/li>\n<li>Pochopte a analyzujte, jak pou\u017e\u00edv\u00e1te na\u0161e webov\u00e9 str\u00e1nky<\/li>\n<li>Vyv\u00edjet nov\u00e9 produkty, slu\u017eby, funkce a funkce<\/li>\n<li>Komunikovat s v\u00e1mi, bu\u010f p\u0159\u00edmo, nebo prost\u0159ednictv\u00edm n\u011bkter\u00e9ho z na\u0161ich partner\u016f, v\u010detn\u011b z\u00e1kaznick\u00fdch slu\u017eeb, abychom v\u00e1m poskytli aktualizace a dal\u0161\u00ed informace t\u00fdkaj\u00edc\u00ed se webov\u00fdch str\u00e1nek a pro marketingov\u00e9 a propaga\u010dn\u00ed \u00fa\u010dely<\/li>\n<li>Pos\u00edlat v\u00e1m e-maily<\/li>\n<li>Naj\u00edt a zabr\u00e1nit podvod\u016fm<\/li>\n<\/ul>\n<h2><span class=\"ez-toc-section\" id=\"Log_Files\"><\/span>Z\u00e1znam soubor\u016f<span class=\"ez-toc-section-end\"><\/span><\/h2>\n<p>hermagic se \u0159\u00edd\u00ed standardn\u00edm postupem pou\u017e\u00edv\u00e1n\u00ed log soubor\u016f. Tyto soubory zaznamen\u00e1vaj\u00ed n\u00e1v\u0161t\u011bvn\u00edky, kdy\u017e nav\u0161t\u00edv\u00ed webov\u00e9 str\u00e1nky. D\u011blaj\u00ed to v\u0161echny hostingov\u00e9 spole\u010dnosti a jsou sou\u010d\u00e1st\u00ed anal\u00fdzy hostingov\u00fdch slu\u017eeb. Informace shrom\u00e1\u017ed\u011bn\u00e9 protokolov\u00fdmi soubory zahrnuj\u00ed adresy internetov\u00e9ho protokolu (IP), typ prohl\u00ed\u017ee\u010de, poskytovatele internetov\u00fdch slu\u017eeb (ISP), datum a \u010dasov\u00e9 raz\u00edtko, odkazuj\u00edc\u00ed\/v\u00fdstupn\u00ed str\u00e1nky a p\u0159\u00edpadn\u011b po\u010det kliknut\u00ed. Tyto nejsou spojeny s \u017e\u00e1dn\u00fdmi informacemi, kter\u00e9 jsou osobn\u011b identifikovateln\u00e9. \u00da\u010delem informac\u00ed je analyzovat trendy, spravovat web, sledovat pohyb u\u017eivatel\u016f na webu a shroma\u017e\u010fovat demografick\u00e9 informace.<\/p>\n<h2><span class=\"ez-toc-section\" id=\"Cookies_and_Web_Beacons\"><\/span>Soubory cookie a webov\u00e9 maj\u00e1ky<span class=\"ez-toc-section-end\"><\/span><\/h2>\n<p>Jako ka\u017ed\u00e1 jin\u00e1 webov\u00e1 str\u00e1nka pou\u017e\u00edv\u00e1 hermagic &#039;cookies&#039;. Tyto soubory cookie se pou\u017e\u00edvaj\u00ed k ukl\u00e1d\u00e1n\u00ed informac\u00ed v\u010detn\u011b preferenc\u00ed n\u00e1v\u0161t\u011bvn\u00edk\u016f a str\u00e1nek na webu, kter\u00e9 n\u00e1v\u0161t\u011bvn\u00edk nav\u0161t\u00edvil nebo je nav\u0161t\u00edvil. Tyto informace se pou\u017e\u00edvaj\u00ed k optimalizaci u\u017eivatelsk\u00e9ho z\u00e1\u017eitku p\u0159izp\u016fsoben\u00edm obsahu na\u0161ich webov\u00fdch str\u00e1nek na z\u00e1klad\u011b typu prohl\u00ed\u017ee\u010de n\u00e1v\u0161t\u011bvn\u00edk\u016f a\/nebo jin\u00fdch informac\u00ed.<\/p>\n<h2><span class=\"ez-toc-section\" id=\"Google_DoubleClick_DART_Cookie\"><\/span>Google DoubleClick DART cookie<span class=\"ez-toc-section-end\"><\/span><\/h2>\n<p>Google je jedn\u00edm z dodavatel\u016f t\u0159et\u00edch stran na na\u0161em webu. Pou\u017e\u00edv\u00e1 tak\u00e9 soubory cookie, zn\u00e1m\u00e9 jako soubory cookie DART, k zobrazov\u00e1n\u00ed reklam n\u00e1v\u0161t\u011bvn\u00edk\u016fm na\u0161ich str\u00e1nek na z\u00e1klad\u011b jejich n\u00e1v\u0161t\u011bvy www.website.com a dal\u0161\u00edch str\u00e1nek na internetu. N\u00e1v\u0161t\u011bvn\u00edci se v\u0161ak mohou rozhodnout odm\u00edtnout pou\u017e\u00edv\u00e1n\u00ed soubor\u016f cookie DART t\u00edm, \u017ee nav\u0161t\u00edv\u00ed Z\u00e1sady ochrany osobn\u00edch \u00fadaj\u016f reklamn\u00ed a obsahov\u00e9 s\u00edt\u011b Google na n\u00e1sleduj\u00edc\u00ed adrese URL \u2013 <a href=\"https:\/\/policies.google.com\/technologies\/ads\" target=\"_blank\" rel=\"noopener\">https:\/\/policies.google.com\/technologies\/ads<\/a><\/p>\n<h2><span class=\"ez-toc-section\" id=\"Our_Advertising_Partners\"><\/span>Na\u0161i reklamn\u00ed partne\u0159i<span class=\"ez-toc-section-end\"><\/span><\/h2>\n<p>N\u011bkte\u0159\u00ed inzerenti na na\u0161ich str\u00e1nk\u00e1ch mohou pou\u017e\u00edvat soubory cookie a webov\u00e9 maj\u00e1ky. Na\u0161i reklamn\u00ed partne\u0159i jsou uvedeni n\u00ed\u017ee. Ka\u017ed\u00fd z na\u0161ich reklamn\u00edch partner\u016f m\u00e1 sv\u00e9 vlastn\u00ed z\u00e1sady ochrany osobn\u00edch \u00fadaj\u016f pro sv\u00e9 z\u00e1sady t\u00fdkaj\u00edc\u00ed se u\u017eivatelsk\u00fdch \u00fadaj\u016f. Pro snaz\u0161\u00ed p\u0159\u00edstup jsme odkazovali n\u00ed\u017ee na jejich z\u00e1sady ochrany osobn\u00edch \u00fadaj\u016f.<\/p>\n<ul>\n<li>Google\n<p><a href=\"https:\/\/policies.google.com\/technologies\/ads\" target=\"_blank\" rel=\"noopener\">https:\/\/policies.google.com\/technologies\/ads<\/a><\/li>\n<\/ul>\n<h2><span class=\"ez-toc-section\" id=\"Advertising_Partners_Privacy_Policies\"><\/span>Z\u00e1sady ochrany osobn\u00edch \u00fadaj\u016f reklamn\u00edch partner\u016f<span class=\"ez-toc-section-end\"><\/span><\/h2>\n<p>V tomto seznamu m\u016f\u017eete naj\u00edt z\u00e1sady ochrany osobn\u00edch \u00fadaj\u016f pro ka\u017ed\u00e9ho z reklamn\u00edch partner\u016f hermagic.<\/p>\n<p>Reklamn\u00ed servery nebo reklamn\u00ed s\u00edt\u011b t\u0159et\u00edch stran pou\u017e\u00edvaj\u00ed technologie, jako jsou soubory cookie, JavaScript nebo Web Beacons, kter\u00e9 se pou\u017e\u00edvaj\u00ed v jejich p\u0159\u00edslu\u0161n\u00fdch reklam\u00e1ch a odkazech, kter\u00e9 se objevuj\u00ed na hermagic, kter\u00e9 jsou odes\u00edl\u00e1ny p\u0159\u00edmo do prohl\u00ed\u017ee\u010de u\u017eivatel\u016f. Kdy\u017e k tomu dojde, automaticky obdr\u017e\u00ed va\u0161i IP adresu. Tyto technologie se pou\u017e\u00edvaj\u00ed k m\u011b\u0159en\u00ed \u00fa\u010dinnosti jejich reklamn\u00edch kampan\u00ed a\/nebo k personalizaci reklamn\u00edho obsahu, kter\u00fd vid\u00edte na webov\u00fdch str\u00e1nk\u00e1ch, kter\u00e9 nav\u0161t\u011bvujete.<\/p>\n<p>Upozor\u0148ujeme, \u017ee hermagic nem\u00e1 \u017e\u00e1dn\u00fd p\u0159\u00edstup ani kontrolu nad t\u011bmito soubory cookie, kter\u00e9 pou\u017e\u00edvaj\u00ed inzerenti t\u0159et\u00edch stran.<\/p>\n<h2><span class=\"ez-toc-section\" id=\"Third_Party_Privacy_Policies\"><\/span>Z\u00e1sady ochrany osobn\u00edch \u00fadaj\u016f t\u0159et\u00edch stran<span class=\"ez-toc-section-end\"><\/span><\/h2>\n<p>Z\u00e1sady ochrany osobn\u00edch \u00fadaj\u016f hermagic se nevztahuj\u00ed na jin\u00e9 inzerenty nebo webov\u00e9 str\u00e1nky. Proto v\u00e1m doporu\u010dujeme, abyste si pro podrobn\u011bj\u0161\u00ed informace prostudovali p\u0159\u00edslu\u0161n\u00e9 Z\u00e1sady ochrany osobn\u00edch \u00fadaj\u016f t\u011bchto reklamn\u00edch server\u016f t\u0159et\u00edch stran. M\u016f\u017ee zahrnovat jejich postupy a pokyny, jak se odhl\u00e1sit z ur\u010dit\u00fdch mo\u017enost\u00ed.<\/p>\n<p>Soubory cookie m\u016f\u017eete zak\u00e1zat prost\u0159ednictv\u00edm jednotliv\u00fdch mo\u017enost\u00ed prohl\u00ed\u017ee\u010de. Chcete-li z\u00edskat podrobn\u011bj\u0161\u00ed informace o spr\u00e1v\u011b soubor\u016f cookie pomoc\u00ed konkr\u00e9tn\u00edch webov\u00fdch prohl\u00ed\u017ee\u010d\u016f, naleznete je na p\u0159\u00edslu\u0161n\u00fdch webov\u00fdch str\u00e1nk\u00e1ch t\u011bchto prohl\u00ed\u017ee\u010d\u016f.<\/p>\n<h2><span class=\"ez-toc-section\" id=\"CCPA_Privacy_Rights_Do_Not_Sell_My_Personal_Information\"><\/span>Pr\u00e1va na ochranu osobn\u00edch \u00fadaj\u016f CCPA (Neprod\u00e1vejte m\u00e9 osobn\u00ed \u00fadaje)<span class=\"ez-toc-section-end\"><\/span><\/h2>\n<p>Podle z\u00e1kona CCPA maj\u00ed spot\u0159ebitel\u00e9 v Kalifornii krom\u011b jin\u00fdch pr\u00e1v pr\u00e1vo:<\/p>\n<p>Po\u017eadovat, aby podnik, kter\u00fd shroma\u017e\u010fuje osobn\u00ed \u00fadaje spot\u0159ebitele, zve\u0159ejnil kategorie a konkr\u00e9tn\u00ed \u010d\u00e1sti osobn\u00edch \u00fadaj\u016f, kter\u00e9 podnik o spot\u0159ebitel\u00edch shrom\u00e1\u017edil.<\/p>\n<p>Po\u017e\u00e1dat, aby podnik vymazal ve\u0161ker\u00e9 osobn\u00ed \u00fadaje o spot\u0159ebiteli, kter\u00e9 podnik shrom\u00e1\u017edil.<\/p>\n<p>Po\u017eadovat, aby podnik, kter\u00fd prod\u00e1v\u00e1 osobn\u00ed \u00fadaje spot\u0159ebitele, neprod\u00e1val osobn\u00ed \u00fadaje spot\u0159ebitele.<\/p>\n<p>Pokud pod\u00e1te \u017e\u00e1dost, m\u00e1me jeden m\u011bs\u00edc na to, abychom v\u00e1m odpov\u011bd\u011bli. Pokud budete cht\u00edt n\u011bkter\u00e9ho z t\u011bchto pr\u00e1v vyu\u017e\u00edt, kontaktujte n\u00e1s.<\/p>\n<h2><span class=\"ez-toc-section\" id=\"GDPR_Data_Protection_Rights\"><\/span>Pr\u00e1va na ochranu osobn\u00edch \u00fadaj\u016f GDPR<span class=\"ez-toc-section-end\"><\/span><\/h2>\n<p>R\u00e1di bychom se ujistili, \u017ee jste si pln\u011b v\u011bdomi v\u0161ech sv\u00fdch pr\u00e1v na ochranu \u00fadaj\u016f. Ka\u017ed\u00fd u\u017eivatel m\u00e1 n\u00e1rok na n\u00e1sleduj\u00edc\u00ed:<\/p>\n<p>Pr\u00e1vo na p\u0159\u00edstup \u2013 M\u00e1te pr\u00e1vo po\u017eadovat kopie sv\u00fdch osobn\u00edch \u00fadaj\u016f. Za tuto slu\u017ebu v\u00e1m m\u016f\u017eeme \u00fa\u010dtovat mal\u00fd poplatek.<\/p>\n<p>Pr\u00e1vo na opravu \u2013 M\u00e1te pr\u00e1vo po\u017eadovat, abychom opravili jak\u00e9koli informace, o kter\u00fdch se domn\u00edv\u00e1te, \u017ee jsou nep\u0159esn\u00e9. M\u00e1te tak\u00e9 pr\u00e1vo po\u017eadovat, abychom doplnili informace, o kter\u00fdch se domn\u00edv\u00e1te, \u017ee jsou ne\u00fapln\u00e9.<\/p>\n<p>Pr\u00e1vo na v\u00fdmaz \u2013 M\u00e1te pr\u00e1vo po\u017eadovat, abychom za ur\u010dit\u00fdch podm\u00ednek vymazali va\u0161e osobn\u00ed \u00fadaje.<\/p>\n<p>Pr\u00e1vo na omezen\u00ed zpracov\u00e1n\u00ed \u2013 M\u00e1te pr\u00e1vo po\u017eadovat, abychom za ur\u010dit\u00fdch podm\u00ednek omezili zpracov\u00e1n\u00ed va\u0161ich osobn\u00edch \u00fadaj\u016f.<\/p>\n<p>Pr\u00e1vo vzn\u00e9st n\u00e1mitku proti zpracov\u00e1n\u00ed \u2013 za ur\u010dit\u00fdch podm\u00ednek m\u00e1te pr\u00e1vo vzn\u00e9st n\u00e1mitku proti na\u0161emu zpracov\u00e1n\u00ed va\u0161ich osobn\u00edch \u00fadaj\u016f.<\/p>\n<p>Pr\u00e1vo na p\u0159enositelnost \u00fadaj\u016f \u2013 M\u00e1te pr\u00e1vo po\u017eadovat, abychom za ur\u010dit\u00fdch podm\u00ednek p\u0159edali \u00fadaje, kter\u00e9 jsme shrom\u00e1\u017edili, jin\u00e9 organizaci nebo p\u0159\u00edmo v\u00e1m.<\/p>\n<p>Pokud pod\u00e1te \u017e\u00e1dost, m\u00e1me jeden m\u011bs\u00edc na to, abychom v\u00e1m odpov\u011bd\u011bli. Pokud budete cht\u00edt n\u011bkter\u00e9ho z t\u011bchto pr\u00e1v vyu\u017e\u00edt, kontaktujte n\u00e1s.<\/p>\n<h2><span class=\"ez-toc-section\" id=\"Childrens_Information\"><\/span>Informace pro d\u011bti<span class=\"ez-toc-section-end\"><\/span><\/h2>\n<p>Dal\u0161\u00ed sou\u010d\u00e1st\u00ed na\u0161\u00ed priority je p\u0159id\u00e1n\u00ed ochrany d\u011bt\u00ed p\u0159i pou\u017e\u00edv\u00e1n\u00ed internetu. Vyz\u00fdv\u00e1me rodi\u010de a opatrovn\u00edky, aby sledovali, \u00fa\u010dastnili se a\/nebo sledovali a \u0159\u00eddili svou online aktivitu.<\/p>\n<p>hermagic v\u011bdom\u011b neshroma\u017e\u010fuje \u017e\u00e1dn\u00e9 osobn\u00ed identifika\u010dn\u00ed \u00fadaje od d\u011bt\u00ed mlad\u0161\u00edch 13 let. Pokud si mysl\u00edte, \u017ee va\u0161e d\u00edt\u011b poskytlo tento druh informac\u00ed na na\u0161ich webov\u00fdch str\u00e1nk\u00e1ch, d\u016frazn\u011b v\u00e1m doporu\u010dujeme, abyste n\u00e1s okam\u017eit\u011b kontaktovali a my ud\u011bl\u00e1me v\u0161e pro to, abychom neprodlen\u011b odstranili takov\u00e9 informace z na\u0161ich z\u00e1znam\u016f.<\/p>","protected":false},"excerpt":{"rendered":"<p>At hermagic, accessible from https:\/\/hermagic.com\/, one of our main priorities is the privacy of our visitors. This Privacy Policy document contains types of information that are collected and recorded by hermagic and how we use it. If you have additional questions or require more information about our Privacy Policy, do not hesitate to contact us. [&hellip;]<\/p>","protected":false},"author":1,"featured_media":0,"parent":0,"menu_order":0,"comment_status":"closed","ping_status":"closed","template":"","meta":{"footnotes":""},"class_list":["post-6972","page","type-page","status-publish","hentry"],"_links":{"self":[{"href":"https:\/\/test2.hermagic.com\/cs\/wp-json\/wp\/v2\/pages\/6972","targetHints":{"allow":["GET"]}}],"collection":[{"href":"https:\/\/test2.hermagic.com\/cs\/wp-json\/wp\/v2\/pages"}],"about":[{"href":"https:\/\/test2.hermagic.com\/cs\/wp-json\/wp\/v2\/types\/page"}],"author":[{"embeddable":true,"href":"https:\/\/test2.hermagic.com\/cs\/wp-json\/wp\/v2\/users\/1"}],"replies":[{"embeddable":true,"href":"https:\/\/test2.hermagic.com\/cs\/wp-json\/wp\/v2\/comments?post=6972"}],"version-history":[{"count":0,"href":"https:\/\/test2.hermagic.com\/cs\/wp-json\/wp\/v2\/pages\/6972\/revisions"}],"wp:attachment":[{"href":"https:\/\/test2.hermagic.com\/cs\/wp-json\/wp\/v2\/media?parent=6972"}],"curies":[{"name":"wp","href":"https:\/\/api.w.org\/{rel}","templated":true}]}}