{"id":7265,"date":"2022-10-07T11:01:27","date_gmt":"2022-10-07T05:31:27","guid":{"rendered":"https:\/\/hermagic.com\/?page_id=7265"},"modified":"2023-03-28T13:53:09","modified_gmt":"2023-03-28T08:23:09","slug":"cookie-policy","status":"publish","type":"page","link":"https:\/\/test2.hermagic.com\/cs\/cookie-policy\/","title":{"rendered":"Z\u00e1sady pou\u017e\u00edv\u00e1n\u00ed soubor\u016f cookie"},"content":{"rendered":"<p>Toto jsou z\u00e1sady pou\u017e\u00edv\u00e1n\u00ed soubor\u016f cookie pro HerMagic, kter\u00e9 jsou dostupn\u00e9 z hermagic.com<\/p>\n<p><strong>Co jsou soubory cookie<\/strong><\/p>\n<p>Jak je b\u011b\u017enou prax\u00ed u t\u00e9m\u011b\u0159 v\u0161ech profesion\u00e1ln\u00edch webov\u00fdch str\u00e1nek, tato str\u00e1nka pou\u017e\u00edv\u00e1 soubory cookie, co\u017e jsou mal\u00e9 soubory, kter\u00e9 se stahuj\u00ed do va\u0161eho po\u010d\u00edta\u010de, aby se zlep\u0161ila va\u0161e zku\u0161enost. Tato str\u00e1nka popisuje, jak\u00e9 informace shroma\u017e\u010fuj\u00ed, jak je pou\u017e\u00edv\u00e1me a pro\u010d n\u011bkdy pot\u0159ebujeme ukl\u00e1dat tyto soubory cookie. Pod\u011bl\u00edme se tak\u00e9 o to, jak m\u016f\u017eete zabr\u00e1nit ukl\u00e1d\u00e1n\u00ed t\u011bchto soubor\u016f cookie, co\u017e v\u0161ak m\u016f\u017ee sn\u00ed\u017eit nebo \u201enaru\u0161it\u201c ur\u010dit\u00e9 prvky funk\u010dnosti str\u00e1nek.<\/p>\n<p><strong>Jak pou\u017e\u00edv\u00e1me soubory cookie<\/strong><\/p>\n<p>Soubory cookie pou\u017e\u00edv\u00e1me z r\u016fzn\u00fdch d\u016fvod\u016f popsan\u00fdch n\u00ed\u017ee. Bohu\u017eel ve v\u011bt\u0161in\u011b p\u0159\u00edpad\u016f neexistuj\u00ed \u017e\u00e1dn\u00e9 standardn\u00ed mo\u017enosti pro zak\u00e1z\u00e1n\u00ed soubor\u016f cookie bez \u00fapln\u00e9ho zak\u00e1z\u00e1n\u00ed funkc\u00ed a funkc\u00ed, kter\u00e9 p\u0159id\u00e1vaj\u00ed na tento web. Doporu\u010dujeme ponechat v\u0161echny soubory cookie, pokud si nejste jisti, zda je pot\u0159ebujete nebo ne v p\u0159\u00edpad\u011b, \u017ee se pou\u017e\u00edvaj\u00ed k poskytov\u00e1n\u00ed slu\u017eby, kterou pou\u017e\u00edv\u00e1te.<\/p>\n<p><strong>Zak\u00e1z\u00e1n\u00ed soubor\u016f cookie<\/strong><\/p>\n<p>Nastavov\u00e1n\u00ed cookies m\u016f\u017eete zabr\u00e1nit \u00fapravou nastaven\u00ed ve va\u0161em prohl\u00ed\u017ee\u010di (viz n\u00e1pov\u011bda va\u0161eho prohl\u00ed\u017ee\u010de, jak to prov\u00e9st). Uv\u011bdomte si, \u017ee deaktivace soubor\u016f cookie ovlivn\u00ed funk\u010dnost t\u00e9to a mnoha dal\u0161\u00edch webov\u00fdch str\u00e1nek, kter\u00e9 nav\u0161t\u00edv\u00edte. Zak\u00e1z\u00e1n\u00ed soubor\u016f cookie obvykle povede tak\u00e9 k deaktivaci ur\u010dit\u00fdch funkc\u00ed a vlastnost\u00ed tohoto webu. Proto se doporu\u010duje, abyste cookies nezakazovali.<\/p>\n<p><strong>Soubory cookie, kter\u00e9 nastavujeme<\/strong><\/p>\n<ul>\n<li>Cookies souvisej\u00edc\u00ed s e-mailov\u00fdmi zpravodaji Tato str\u00e1nka nab\u00edz\u00ed slu\u017eby odb\u011bru novinek nebo e-mail\u016f a soubory cookie mohou b\u00fdt pou\u017eity k zapamatov\u00e1n\u00ed, zda jste ji\u017e zaregistrov\u00e1ni, a zda se maj\u00ed zobrazovat ur\u010dit\u00e1 upozorn\u011bn\u00ed, kter\u00e1 mohou b\u00fdt platn\u00e1 pouze pro p\u0159ihl\u00e1\u0161en\u00e9\/nep\u0159ihl\u00e1\u0161en\u00e9 u\u017eivatele.<\/li>\n<\/ul>\n<p><strong>Cookies t\u0159et\u00edch stran<\/strong><\/p>\n<p>V n\u011bkter\u00fdch zvl\u00e1\u0161tn\u00edch p\u0159\u00edpadech pou\u017e\u00edv\u00e1me tak\u00e9 soubory cookie poskytovan\u00e9 d\u016fv\u011bryhodn\u00fdmi t\u0159et\u00edmi stranami. N\u00e1sleduj\u00edc\u00ed \u010d\u00e1st podrobn\u011b popisuje, se kter\u00fdmi soubory cookie t\u0159et\u00edch stran se m\u016f\u017eete na t\u00e9to str\u00e1nce setkat.<\/p>\n<ul>\n<li>Tento web pou\u017e\u00edv\u00e1 Google Analytics, co\u017e je jedno z nejroz\u0161\u00ed\u0159en\u011bj\u0161\u00edch a nejd\u016fv\u011bryhodn\u011bj\u0161\u00edch analytick\u00fdch \u0159e\u0161en\u00ed na webu, kter\u00e9 n\u00e1m pom\u00e1h\u00e1 porozum\u011bt tomu, jak web pou\u017e\u00edv\u00e1te a jak m\u016f\u017eeme zlep\u0161it va\u0161i zku\u0161enost. Tyto soubory cookie mohou sledovat v\u011bci, jako je doba, kterou na webu str\u00e1v\u00edte, a str\u00e1nky, kter\u00e9 nav\u0161t\u00edv\u00edte, abychom mohli nad\u00e1le vytv\u00e1\u0159et zaj\u00edmav\u00fd obsah. Dal\u0161\u00ed informace o souborech cookie Google Analytics naleznete na ofici\u00e1ln\u00ed str\u00e1nce Google Analytics.<\/li>\n<li>\u010cas od \u010dasu testujeme nov\u00e9 funkce a prov\u00e1d\u00edme drobn\u00e9 zm\u011bny ve zp\u016fsobu, jak\u00fdm jsou str\u00e1nky poskytov\u00e1ny. Kdy\u017e st\u00e1le testujeme nov\u00e9 funkce, mohou b\u00fdt tyto soubory cookie pou\u017e\u00edv\u00e1ny k zaji\u0161t\u011bn\u00ed konzistentn\u00edho z\u00e1\u017eitku na webu a z\u00e1rove\u0148 k zaji\u0161t\u011bn\u00ed toho, abychom pochopili, kter\u00e9 optimalizace na\u0161i u\u017eivatel\u00e9 oce\u0148uj\u00ed nejv\u00edce.<\/li>\n<li>P\u0159i prodeji produkt\u016f je pro n\u00e1s d\u016fle\u017eit\u00e9 porozum\u011bt statistik\u00e1m o tom, kolik n\u00e1v\u0161t\u011bvn\u00edk\u016f na\u0161ich str\u00e1nek skute\u010dn\u011b nakupuje, a jako takov\u00e9 budou tyto soubory cookie sledovat. To je pro v\u00e1s d\u016fle\u017eit\u00e9, proto\u017ee to znamen\u00e1, \u017ee m\u016f\u017eeme p\u0159esn\u011b d\u011blat obchodn\u00ed p\u0159edpov\u011bdi, kter\u00e9 n\u00e1m umo\u017e\u0148uj\u00ed sledovat na\u0161e reklamn\u00ed a produktov\u00e9 n\u00e1klady, abychom zajistili nejlep\u0161\u00ed mo\u017enou cenu.<\/li>\n<li>Slu\u017eba Google AdSense, kterou pou\u017e\u00edv\u00e1me k zobrazov\u00e1n\u00ed reklam, pou\u017e\u00edv\u00e1 soubor cookie DoubleClick k zobrazov\u00e1n\u00ed relevantn\u011bj\u0161\u00edch reklam na webu a omezuje po\u010det zobrazen\u00ed dan\u00e9 reklamy. Dal\u0161\u00ed informace o Google AdSense naleznete v ofici\u00e1ln\u00edch nej\u010dast\u011bj\u0161\u00edch dotazech t\u00fdkaj\u00edc\u00edch se ochrany osobn\u00edch \u00fadaj\u016f Google AdSense.<\/li>\n<li>N\u011bkolik partner\u016f inzeruje na\u0161\u00edm jm\u00e9nem a soubory cookie pro sledov\u00e1n\u00ed affiliate partner\u016f n\u00e1m jednodu\u0161e umo\u017e\u0148uj\u00ed zjistit, zda na\u0161i z\u00e1kazn\u00edci p\u0159i\u0161li na web prost\u0159ednictv\u00edm n\u011bkter\u00e9ho z na\u0161ich partnersk\u00fdch web\u016f, abychom jim mohli n\u00e1le\u017eit\u011b p\u0159ipsat kredit a p\u0159\u00edpadn\u011b umo\u017enit na\u0161im affiliate partner\u016fm poskytnout jak\u00fdkoli bonus, kter\u00fd mohou z\u00edskat. poskytnout v\u00e1m mo\u017enost n\u00e1kupu.<\/li>\n<li>Na t\u00e9to str\u00e1nce tak\u00e9 pou\u017e\u00edv\u00e1me tla\u010d\u00edtka a\/nebo pluginy soci\u00e1ln\u00edch m\u00e9di\u00ed, kter\u00e9 v\u00e1m umo\u017e\u0148uj\u00ed p\u0159ipojen\u00ed k va\u0161\u00ed soci\u00e1ln\u00ed s\u00edti r\u016fzn\u00fdmi zp\u016fsoby. Aby to fungovalo, n\u00e1sleduj\u00edc\u00ed str\u00e1nky soci\u00e1ln\u00edch m\u00e9di\u00ed v\u010detn\u011b; {Seznam soci\u00e1ln\u00edch s\u00edt\u00ed, jejich\u017e funkce jste integrovali se sv\u00fdmi str\u00e1nkami?:12}, nastav\u00ed prost\u0159ednictv\u00edm na\u0161ich str\u00e1nek soubory cookie, kter\u00e9 mohou b\u00fdt pou\u017eity k vylep\u0161en\u00ed va\u0161eho profilu na jejich webu nebo k p\u0159isp\u011bn\u00ed k \u00fadaj\u016fm, kter\u00e9 uchov\u00e1vaj\u00ed pro r\u016fzn\u00e9 \u00fa\u010dely uveden\u00e9 v jejich p\u0159\u00edslu\u0161n\u00e9m soukrom\u00ed. opat\u0159en\u00ed.<\/li>\n<\/ul>\n<p><strong>V\u00edce informac\u00ed<\/strong><\/p>\n<p>Doufejme, \u017ee to pro v\u00e1s objasnilo v\u011bci, a jak ji\u017e bylo zm\u00edn\u011bno, pokud si nejste n\u011b\u010d\u00edm jisti, zda pot\u0159ebujete nebo ne, je obvykle bezpe\u010dn\u011bj\u0161\u00ed ponechat soubory cookie povolen\u00e9 pro p\u0159\u00edpad, \u017ee by to interagovalo s jednou z funkc\u00ed, kter\u00e9 na na\u0161em webu pou\u017e\u00edv\u00e1te.<\/p>\n<p>Pokud v\u0161ak st\u00e1le hled\u00e1te dal\u0161\u00ed informace, m\u016f\u017eete n\u00e1s kontaktovat jedn\u00edm z na\u0161ich preferovan\u00fdch zp\u016fsob\u016f kontaktu:<\/p>\n<ul>\n<li>E-mail: hello@hermagic.com<\/li>\n<\/ul>","protected":false},"excerpt":{"rendered":"<p>This is the Cookie Policy for HerMagic, accessible from hermagic.com What Are Cookies As is common practice with almost all professional websites this site uses cookies, which are tiny files that are downloaded to your computer, to improve your experience. This page describes what information they gather, how we use it and why we sometimes [&hellip;]<\/p>","protected":false},"author":1,"featured_media":0,"parent":0,"menu_order":0,"comment_status":"closed","ping_status":"closed","template":"","meta":{"footnotes":""},"class_list":["post-7265","page","type-page","status-publish","hentry"],"_links":{"self":[{"href":"https:\/\/test2.hermagic.com\/cs\/wp-json\/wp\/v2\/pages\/7265","targetHints":{"allow":["GET"]}}],"collection":[{"href":"https:\/\/test2.hermagic.com\/cs\/wp-json\/wp\/v2\/pages"}],"about":[{"href":"https:\/\/test2.hermagic.com\/cs\/wp-json\/wp\/v2\/types\/page"}],"author":[{"embeddable":true,"href":"https:\/\/test2.hermagic.com\/cs\/wp-json\/wp\/v2\/users\/1"}],"replies":[{"embeddable":true,"href":"https:\/\/test2.hermagic.com\/cs\/wp-json\/wp\/v2\/comments?post=7265"}],"version-history":[{"count":0,"href":"https:\/\/test2.hermagic.com\/cs\/wp-json\/wp\/v2\/pages\/7265\/revisions"}],"wp:attachment":[{"href":"https:\/\/test2.hermagic.com\/cs\/wp-json\/wp\/v2\/media?parent=7265"}],"curies":[{"name":"wp","href":"https:\/\/api.w.org\/{rel}","templated":true}]}}