{"id":6972,"date":"2022-09-29T05:28:57","date_gmt":"2022-09-29T05:28:57","guid":{"rendered":"https:\/\/hermagic.com\/?page_id=6972"},"modified":"2022-09-29T05:28:57","modified_gmt":"2022-09-29T05:28:57","slug":"privacy-policy","status":"publish","type":"page","link":"https:\/\/test2.hermagic.com\/de_de\/privacy-policy\/","title":{"rendered":"Datenschutz-Bestimmungen"},"content":{"rendered":"<p>Bei hermagic, erreichbar \u00fcber https:\/\/hermagic.com\/, ist die Privatsph\u00e4re unserer Besucher eine unserer Hauptpriorit\u00e4ten. Diese Datenschutzrichtlinie enth\u00e4lt Arten von Informationen, die von hermagic gesammelt und aufgezeichnet werden, und wie wir sie verwenden.<\/p>\n<p>Wenn Sie weitere Fragen haben oder weitere Informationen zu unserer Datenschutzrichtlinie ben\u00f6tigen, z\u00f6gern Sie nicht, uns zu kontaktieren.<\/p>\n<p>Diese Datenschutzrichtlinie gilt nur f\u00fcr unsere Online-Aktivit\u00e4ten und gilt f\u00fcr Besucher unserer Website in Bezug auf die Informationen, die sie in hermagic geteilt und\/oder gesammelt haben. Diese Richtlinie gilt nicht f\u00fcr Informationen, die offline oder \u00fcber andere Kan\u00e4le als diese Website gesammelt werden.<\/p>\n<div id=\"ez-toc-container\" class=\"ez-toc-v2_0_46 counter-hierarchy ez-toc-counter ez-toc-grey ez-toc-container-direction\">\n<div class=\"ez-toc-title-container\">\n<p class=\"ez-toc-title\">Inhaltsverzeichnis<\/p>\n<span class=\"ez-toc-title-toggle\"><a href=\"#\" class=\"ez-toc-pull-right ez-toc-btn ez-toc-btn-xs ez-toc-btn-default ez-toc-toggle\" aria-label=\"ez-toc-toggle-icon-1\"><label for=\"item-69d5bc934e2d8\" aria-label=\"Inhaltsverzeichnis\"><span style=\"display: flex;align-items: center;width: 35px;height: 30px;justify-content: center;direction:ltr;\"><svg style=\"fill: #999;color:#999\" xmlns=\"http:\/\/www.w3.org\/2000\/svg\" class=\"list-377408\" width=\"20px\" height=\"20px\" viewbox=\"0 0 24 24\" fill=\"none\"><path d=\"M6 6H4v2h2V6zm14 0H8v2h12V6zM4 11h2v2H4v-2zm16 0H8v2h12v-2zM4 16h2v2H4v-2zm16 0H8v2h12v-2z\" fill=\"currentColor\"><\/path><\/svg><svg style=\"fill: #999;color:#999\" class=\"arrow-unsorted-368013\" xmlns=\"http:\/\/www.w3.org\/2000\/svg\" width=\"10px\" height=\"10px\" viewbox=\"0 0 24 24\" version=\"1.2\" baseprofile=\"tiny\"><path d=\"M18.2 9.3l-6.2-6.3-6.2 6.3c-.2.2-.3.4-.3.7s.1.5.3.7c.2.2.4.3.7.3h11c.3 0 .5-.1.7-.3.2-.2.3-.5.3-.7s-.1-.5-.3-.7zM5.8 14.7l6.2 6.3 6.2-6.3c.2-.2.3-.5.3-.7s-.1-.5-.3-.7c-.2-.2-.4-.3-.7-.3h-11c-.3 0-.5.1-.7.3-.2.2-.3.5-.3.7s.1.5.3.7z\"\/><\/svg><\/span><\/label><input  type=\"checkbox\" id=\"item-69d5bc934e2d8\"><\/a><\/span><\/div>\n<nav><ul class='ez-toc-list ez-toc-list-level-1' ><li class='ez-toc-page-1 ez-toc-heading-level-2'><a class=\"ez-toc-link ez-toc-heading-1\" href=\"https:\/\/test2.hermagic.com\/de_de\/privacy-policy\/#Consent\" title=\"Zustimmung\">Zustimmung<\/a><\/li><li class='ez-toc-page-1 ez-toc-heading-level-2'><a class=\"ez-toc-link ez-toc-heading-2\" href=\"https:\/\/test2.hermagic.com\/de_de\/privacy-policy\/#Information_we_collect\" title=\"Informationen, die wir sammeln\">Informationen, die wir sammeln<\/a><\/li><li class='ez-toc-page-1 ez-toc-heading-level-2'><a class=\"ez-toc-link ez-toc-heading-3\" href=\"https:\/\/test2.hermagic.com\/de_de\/privacy-policy\/#How_we_use_your_information\" title=\"Wie wir Ihre Informationen verwenden\">Wie wir Ihre Informationen verwenden<\/a><\/li><li class='ez-toc-page-1 ez-toc-heading-level-2'><a class=\"ez-toc-link ez-toc-heading-4\" href=\"https:\/\/test2.hermagic.com\/de_de\/privacy-policy\/#Log_Files\" title=\"Protokolldateien\">Protokolldateien<\/a><\/li><li class='ez-toc-page-1 ez-toc-heading-level-2'><a class=\"ez-toc-link ez-toc-heading-5\" href=\"https:\/\/test2.hermagic.com\/de_de\/privacy-policy\/#Cookies_and_Web_Beacons\" title=\"Cookies und Web-Beacons\">Cookies und Web-Beacons<\/a><\/li><li class='ez-toc-page-1 ez-toc-heading-level-2'><a class=\"ez-toc-link ez-toc-heading-6\" href=\"https:\/\/test2.hermagic.com\/de_de\/privacy-policy\/#Google_DoubleClick_DART_Cookie\" title=\"Google DoubleClick DART-Cookie\">Google DoubleClick DART-Cookie<\/a><\/li><li class='ez-toc-page-1 ez-toc-heading-level-2'><a class=\"ez-toc-link ez-toc-heading-7\" href=\"https:\/\/test2.hermagic.com\/de_de\/privacy-policy\/#Our_Advertising_Partners\" title=\"Unsere Werbepartner\">Unsere Werbepartner<\/a><\/li><li class='ez-toc-page-1 ez-toc-heading-level-2'><a class=\"ez-toc-link ez-toc-heading-8\" href=\"https:\/\/test2.hermagic.com\/de_de\/privacy-policy\/#Advertising_Partners_Privacy_Policies\" title=\"Datenschutzrichtlinien von Werbepartnern\">Datenschutzrichtlinien von Werbepartnern<\/a><\/li><li class='ez-toc-page-1 ez-toc-heading-level-2'><a class=\"ez-toc-link ez-toc-heading-9\" href=\"https:\/\/test2.hermagic.com\/de_de\/privacy-policy\/#Third_Party_Privacy_Policies\" title=\"Datenschutzrichtlinien von Drittanbietern\">Datenschutzrichtlinien von Drittanbietern<\/a><\/li><li class='ez-toc-page-1 ez-toc-heading-level-2'><a class=\"ez-toc-link ez-toc-heading-10\" href=\"https:\/\/test2.hermagic.com\/de_de\/privacy-policy\/#CCPA_Privacy_Rights_Do_Not_Sell_My_Personal_Information\" title=\"CCPA-Datenschutzrechte (Meine personenbezogenen Daten nicht verkaufen)\">CCPA-Datenschutzrechte (Meine personenbezogenen Daten nicht verkaufen)<\/a><\/li><li class='ez-toc-page-1 ez-toc-heading-level-2'><a class=\"ez-toc-link ez-toc-heading-11\" href=\"https:\/\/test2.hermagic.com\/de_de\/privacy-policy\/#GDPR_Data_Protection_Rights\" title=\"DSGVO Datenschutzrechte\">DSGVO Datenschutzrechte<\/a><\/li><li class='ez-toc-page-1 ez-toc-heading-level-2'><a class=\"ez-toc-link ez-toc-heading-12\" href=\"https:\/\/test2.hermagic.com\/de_de\/privacy-policy\/#Childrens_Information\" title=\"Informationen f\u00fcr Kinder\">Informationen f\u00fcr Kinder<\/a><\/li><\/ul><\/nav><\/div>\n<h2><span class=\"ez-toc-section\" id=\"Consent\"><\/span>Zustimmung<span class=\"ez-toc-section-end\"><\/span><\/h2>\n<p>Durch die Nutzung unserer Website stimmen Sie hiermit unserer Datenschutzrichtlinie zu und stimmen ihren Bedingungen zu.<\/p>\n<h2><span class=\"ez-toc-section\" id=\"Information_we_collect\"><\/span>Informationen, die wir sammeln<span class=\"ez-toc-section-end\"><\/span><\/h2>\n<p>Die personenbezogenen Daten, um die Sie gebeten werden, und die Gr\u00fcnde, warum Sie dazu aufgefordert werden, werden Ihnen an dem Punkt klar gemacht, an dem wir Sie um die Angabe Ihrer personenbezogenen Daten bitten.<\/p>\n<p>Wenn Sie uns direkt kontaktieren, erhalten wir m\u00f6glicherweise zus\u00e4tzliche Informationen \u00fcber Sie, wie z. B. Ihren Namen, Ihre E-Mail-Adresse, Telefonnummer, den Inhalt der Nachricht und\/oder der Anh\u00e4nge, die Sie uns senden, sowie alle anderen Informationen, die Sie angeben m\u00f6chten.<\/p>\n<p>Wenn Sie sich f\u00fcr ein Konto registrieren, fragen wir Sie m\u00f6glicherweise nach Ihren Kontaktinformationen, einschlie\u00dflich Angaben wie Name, Firmenname, Adresse, E-Mail-Adresse und Telefonnummer.<\/p>\n<h2><span class=\"ez-toc-section\" id=\"How_we_use_your_information\"><\/span>Wie wir Ihre Informationen verwenden<span class=\"ez-toc-section-end\"><\/span><\/h2>\n<p>Wir verwenden die von uns gesammelten Informationen auf verschiedene Weise, einschlie\u00dflich:<\/p>\n<ul>\n<li>Bereitstellung, Betrieb und Wartung unserer Website<\/li>\n<li>Verbessern, personalisieren und erweitern Sie unsere Website<\/li>\n<li>Verstehen und analysieren, wie Sie unsere Website nutzen<\/li>\n<li>Entwickeln Sie neue Produkte, Dienstleistungen, Features und Funktionen<\/li>\n<li>Kommunikation mit Ihnen, entweder direkt oder \u00fcber einen unserer Partner, einschlie\u00dflich f\u00fcr den Kundendienst, um Ihnen Updates und andere Informationen in Bezug auf die Website sowie f\u00fcr Marketing- und Werbezwecke zukommen zu lassen<\/li>\n<li>Senden Sie E-Mails<\/li>\n<li>Finden und verhindern Sie Betrug<\/li>\n<\/ul>\n<h2><span class=\"ez-toc-section\" id=\"Log_Files\"><\/span>Protokolldateien<span class=\"ez-toc-section-end\"><\/span><\/h2>\n<p>hermagic folgt einem Standardverfahren zur Verwendung von Protokolldateien. Diese Dateien protokollieren Besucher, wenn sie Websites besuchen. Alle Hosting-Unternehmen tun dies und sind Teil der Analyse der Hosting-Dienste. Zu den von Protokolldateien gesammelten Informationen geh\u00f6ren Internetprotokolladressen (IP-Adressen), Browsertyp, Internetdienstanbieter (ISP), Datums- und Zeitstempel, Verweis-\/Ausgangsseiten und m\u00f6glicherweise die Anzahl der Klicks. Diese werden nicht mit personenbezogenen Daten verkn\u00fcpft. Der Zweck der Informationen besteht darin, Trends zu analysieren, die Website zu verwalten, die Bewegungen der Benutzer auf der Website zu verfolgen und demografische Informationen zu sammeln.<\/p>\n<h2><span class=\"ez-toc-section\" id=\"Cookies_and_Web_Beacons\"><\/span>Cookies und Web-Beacons<span class=\"ez-toc-section-end\"><\/span><\/h2>\n<p>Wie jede andere Website verwendet hermagic \u201eCookies\u201c. Diese Cookies werden verwendet, um Informationen zu speichern, einschlie\u00dflich der Pr\u00e4ferenzen der Besucher und der Seiten auf der Website, die der Besucher aufgerufen oder besucht hat. Die Informationen werden verwendet, um die Benutzererfahrung zu optimieren, indem der Inhalt unserer Webseite basierend auf dem Browsertyp des Besuchers und\/oder anderen Informationen angepasst wird.<\/p>\n<h2><span class=\"ez-toc-section\" id=\"Google_DoubleClick_DART_Cookie\"><\/span>Google DoubleClick DART-Cookie<span class=\"ez-toc-section-end\"><\/span><\/h2>\n<p>Google ist einer der Drittanbieter auf unserer Website. Es verwendet auch Cookies, die als DART-Cookies bekannt sind, um Anzeigen f\u00fcr unsere Website-Besucher basierend auf ihrem Besuch auf www.website.com und anderen Websites im Internet zu schalten. Besucher k\u00f6nnen sich jedoch daf\u00fcr entscheiden, die Verwendung von DART-Cookies abzulehnen, indem sie die Datenschutzrichtlinie f\u00fcr das Werbe- und Inhaltsnetzwerk von Google unter der folgenden URL besuchen: <a href=\"https:\/\/policies.google.com\/technologies\/ads\" target=\"_blank\" rel=\"noopener\">https:\/\/policies.google.com\/technologies\/ads<\/a><\/p>\n<h2><span class=\"ez-toc-section\" id=\"Our_Advertising_Partners\"><\/span>Unsere Werbepartner<span class=\"ez-toc-section-end\"><\/span><\/h2>\n<p>Einige der Werbetreibenden auf unserer Website verwenden m\u00f6glicherweise Cookies und Web Beacons. Unsere Werbepartner sind unten aufgef\u00fchrt. Jeder unserer Werbepartner hat seine eigene Datenschutzrichtlinie f\u00fcr seine Richtlinien zu Benutzerdaten. F\u00fcr einen einfacheren Zugriff haben wir unten auf ihre Datenschutzrichtlinien verlinkt.<\/p>\n<ul>\n<li>Google\n<p><a href=\"https:\/\/policies.google.com\/technologies\/ads\" target=\"_blank\" rel=\"noopener\">https:\/\/policies.google.com\/technologies\/ads<\/a><\/li>\n<\/ul>\n<h2><span class=\"ez-toc-section\" id=\"Advertising_Partners_Privacy_Policies\"><\/span>Datenschutzrichtlinien von Werbepartnern<span class=\"ez-toc-section-end\"><\/span><\/h2>\n<p>Sie k\u00f6nnen diese Liste konsultieren, um die Datenschutzrichtlinie f\u00fcr jeden der Werbepartner von hermagic zu finden.<\/p>\n<p>Ad-Server oder Ad-Netzwerke von Drittanbietern verwenden Technologien wie Cookies, JavaScript oder Web Beacons, die in ihren jeweiligen Anzeigen und Links verwendet werden, die auf hermagic erscheinen und direkt an den Browser der Benutzer gesendet werden. Sie erhalten dabei automatisch Ihre IP-Adresse. Diese Technologien werden verwendet, um die Effektivit\u00e4t ihrer Werbekampagnen zu messen und\/oder die Werbeinhalte zu personalisieren, die Sie auf den von Ihnen besuchten Websites sehen.<\/p>\n<p>Beachten Sie, dass hermagic keinen Zugriff auf oder keine Kontrolle \u00fcber diese Cookies hat, die von Drittanbietern verwendet werden.<\/p>\n<h2><span class=\"ez-toc-section\" id=\"Third_Party_Privacy_Policies\"><\/span>Datenschutzrichtlinien von Drittanbietern<span class=\"ez-toc-section-end\"><\/span><\/h2>\n<p>Die Datenschutzerkl\u00e4rung von hermagic gilt nicht f\u00fcr andere Werbetreibende oder Websites. Daher empfehlen wir Ihnen, die jeweiligen Datenschutzrichtlinien dieser Drittanbieter-Ad-Server f\u00fcr detailliertere Informationen zu konsultieren. Es kann ihre Praktiken und Anweisungen zum Deaktivieren bestimmter Optionen enthalten.<\/p>\n<p>Sie k\u00f6nnen Cookies \u00fcber Ihre individuellen Browseroptionen deaktivieren. Ausf\u00fchrlichere Informationen zur Cookie-Verwaltung mit bestimmten Webbrowsern finden Sie auf den jeweiligen Websites der Browser.<\/p>\n<h2><span class=\"ez-toc-section\" id=\"CCPA_Privacy_Rights_Do_Not_Sell_My_Personal_Information\"><\/span>CCPA-Datenschutzrechte (Meine personenbezogenen Daten nicht verkaufen)<span class=\"ez-toc-section-end\"><\/span><\/h2>\n<p>Unter dem CCPA haben kalifornische Verbraucher neben anderen Rechten das Recht:<\/p>\n<p>Verlangen Sie, dass ein Unternehmen, das personenbezogene Daten eines Verbrauchers sammelt, die Kategorien und spezifischen Teile personenbezogener Daten offenlegt, die ein Unternehmen \u00fcber Verbraucher gesammelt hat.<\/p>\n<p>Fordern Sie an, dass ein Unternehmen alle personenbezogenen Daten \u00fcber den Verbraucher l\u00f6scht, die ein Unternehmen gesammelt hat.<\/p>\n<p>Verlangen Sie, dass ein Unternehmen, das die personenbezogenen Daten eines Verbrauchers verkauft, die personenbezogenen Daten des Verbrauchers nicht verkauft.<\/p>\n<p>Wenn Sie eine Anfrage stellen, haben wir einen Monat Zeit, um Ihnen zu antworten. Wenn Sie eines dieser Rechte aus\u00fcben m\u00f6chten, kontaktieren Sie uns bitte.<\/p>\n<h2><span class=\"ez-toc-section\" id=\"GDPR_Data_Protection_Rights\"><\/span>DSGVO Datenschutzrechte<span class=\"ez-toc-section-end\"><\/span><\/h2>\n<p>Wir m\u00f6chten sicherstellen, dass Sie sich all Ihrer Datenschutzrechte voll bewusst sind. Jeder Benutzer hat Anspruch auf:<\/p>\n<p>Auskunftsrecht \u2013 Sie haben das Recht, Kopien Ihrer personenbezogenen Daten anzufordern. F\u00fcr diesen Service k\u00f6nnen wir Ihnen eine kleine Geb\u00fchr berechnen.<\/p>\n<p>Das Recht auf Berichtigung \u2013 Sie haben das Recht zu verlangen, dass wir alle Informationen korrigieren, die Sie f\u00fcr unrichtig halten. Sie haben auch das Recht zu verlangen, dass wir die Informationen vervollst\u00e4ndigen, die Sie f\u00fcr unvollst\u00e4ndig halten.<\/p>\n<p>Das Recht auf L\u00f6schung \u2013 Sie haben das Recht zu verlangen, dass wir Ihre personenbezogenen Daten unter bestimmten Bedingungen l\u00f6schen.<\/p>\n<p>Das Recht auf Einschr\u00e4nkung der Verarbeitung \u2013 Sie haben das Recht zu verlangen, dass wir die Verarbeitung Ihrer personenbezogenen Daten unter bestimmten Bedingungen einschr\u00e4nken.<\/p>\n<p>Das Recht, der Verarbeitung zu widersprechen \u2013 Sie haben unter bestimmten Bedingungen das Recht, unserer Verarbeitung Ihrer personenbezogenen Daten zu widersprechen.<\/p>\n<p>Das Recht auf Daten\u00fcbertragbarkeit \u2013 Sie haben das Recht zu verlangen, dass wir die von uns erfassten Daten unter bestimmten Bedingungen an eine andere Organisation oder direkt an Sie \u00fcbertragen.<\/p>\n<p>Wenn Sie eine Anfrage stellen, haben wir einen Monat Zeit, um Ihnen zu antworten. Wenn Sie eines dieser Rechte aus\u00fcben m\u00f6chten, kontaktieren Sie uns bitte.<\/p>\n<h2><span class=\"ez-toc-section\" id=\"Childrens_Information\"><\/span>Informationen f\u00fcr Kinder<span class=\"ez-toc-section-end\"><\/span><\/h2>\n<p>Ein weiterer Teil unserer Priorit\u00e4t ist der Schutz von Kindern bei der Nutzung des Internets. Wir ermutigen Eltern und Erziehungsberechtigte, ihre Online-Aktivit\u00e4ten zu beobachten, daran teilzunehmen und\/oder sie zu \u00fcberwachen und zu leiten.<\/p>\n<p>hermagic sammelt wissentlich keine personenbezogenen Daten von Kindern unter 13 Jahren. Wenn Sie der Meinung sind, dass Ihr Kind diese Art von Informationen auf unserer Website bereitgestellt hat, empfehlen wir Ihnen dringend, sich umgehend mit uns in Verbindung zu setzen, und wir werden unser Bestes tun, um sie umgehend zu entfernen solche Informationen aus unseren Aufzeichnungen.<\/p>","protected":false},"excerpt":{"rendered":"<p>At hermagic, accessible from https:\/\/hermagic.com\/, one of our main priorities is the privacy of our visitors. This Privacy Policy document contains types of information that are collected and recorded by hermagic and how we use it. If you have additional questions or require more information about our Privacy Policy, do not hesitate to contact us. [&hellip;]<\/p>","protected":false},"author":1,"featured_media":0,"parent":0,"menu_order":0,"comment_status":"closed","ping_status":"closed","template":"","meta":{"footnotes":""},"class_list":["post-6972","page","type-page","status-publish","hentry"],"_links":{"self":[{"href":"https:\/\/test2.hermagic.com\/de_de\/wp-json\/wp\/v2\/pages\/6972","targetHints":{"allow":["GET"]}}],"collection":[{"href":"https:\/\/test2.hermagic.com\/de_de\/wp-json\/wp\/v2\/pages"}],"about":[{"href":"https:\/\/test2.hermagic.com\/de_de\/wp-json\/wp\/v2\/types\/page"}],"author":[{"embeddable":true,"href":"https:\/\/test2.hermagic.com\/de_de\/wp-json\/wp\/v2\/users\/1"}],"replies":[{"embeddable":true,"href":"https:\/\/test2.hermagic.com\/de_de\/wp-json\/wp\/v2\/comments?post=6972"}],"version-history":[{"count":0,"href":"https:\/\/test2.hermagic.com\/de_de\/wp-json\/wp\/v2\/pages\/6972\/revisions"}],"wp:attachment":[{"href":"https:\/\/test2.hermagic.com\/de_de\/wp-json\/wp\/v2\/media?parent=6972"}],"curies":[{"name":"wp","href":"https:\/\/api.w.org\/{rel}","templated":true}]}}