{"id":7265,"date":"2022-10-07T11:01:27","date_gmt":"2022-10-07T05:31:27","guid":{"rendered":"https:\/\/hermagic.com\/?page_id=7265"},"modified":"2023-03-28T13:53:09","modified_gmt":"2023-03-28T08:23:09","slug":"cookie-policy","status":"publish","type":"page","link":"https:\/\/test2.hermagic.com\/de_de\/cookie-policy\/","title":{"rendered":"Cookie-Richtlinie"},"content":{"rendered":"<p>Dies ist die Cookie-Richtlinie f\u00fcr HerMagic, zug\u00e4nglich \u00fcber hermagic.com<\/p>\n<p><strong>Was sind Cookies<\/strong><\/p>\n<p>Wie bei fast allen professionellen Websites \u00fcblich, verwendet diese Website Cookies, kleine Dateien, die auf Ihren Computer heruntergeladen werden, um Ihr Erlebnis zu verbessern. Diese Seite beschreibt, welche Informationen sie sammeln, wie wir sie verwenden und warum wir diese Cookies manchmal speichern m\u00fcssen. Wir werden Ihnen auch mitteilen, wie Sie verhindern k\u00f6nnen, dass diese Cookies gespeichert werden, dies kann jedoch bestimmte Elemente der Website-Funktionalit\u00e4t herabsetzen oder \u201ebrechen\u201c.<\/p>\n<p><strong>Wie wir Cookies verwenden<\/strong><\/p>\n<p>Wir verwenden Cookies aus einer Vielzahl von Gr\u00fcnden, die unten aufgef\u00fchrt sind. Leider gibt es in den meisten F\u00e4llen keine branchen\u00fcblichen Optionen zum Deaktivieren von Cookies, ohne die Funktionalit\u00e4t und Features, die sie dieser Website hinzuf\u00fcgen, vollst\u00e4ndig zu deaktivieren. Es wird empfohlen, alle Cookies aktiviert zu lassen, wenn Sie sich nicht sicher sind, ob Sie sie ben\u00f6tigen oder nicht, falls sie verwendet werden, um einen von Ihnen genutzten Dienst bereitzustellen.<\/p>\n<p><strong>Cookies deaktivieren<\/strong><\/p>\n<p>Sie k\u00f6nnen das Setzen von Cookies verhindern, indem Sie die Einstellungen Ihres Browsers anpassen (Informationen dazu finden Sie in der Hilfe Ihres Browsers). Beachten Sie, dass das Deaktivieren von Cookies die Funktionalit\u00e4t dieser und vieler anderer Websites, die Sie besuchen, beeintr\u00e4chtigt. Das Deaktivieren von Cookies f\u00fchrt normalerweise auch dazu, dass bestimmte Funktionen und Merkmale dieser Website deaktiviert werden. Daher wird empfohlen, Cookies nicht zu deaktivieren.<\/p>\n<p><strong>Die Cookies, die wir setzen<\/strong><\/p>\n<ul>\n<li>E-Mail-Newsletter-bezogene Cookies Diese Website bietet Newsletter- oder E-Mail-Abonnementdienste und Cookies k\u00f6nnen verwendet werden, um sich daran zu erinnern, ob Sie bereits registriert sind und ob bestimmte Benachrichtigungen angezeigt werden sollen, die m\u00f6glicherweise nur f\u00fcr abonnierte\/abgemeldete Benutzer g\u00fcltig sind.<\/li>\n<\/ul>\n<p><strong>Cookies von Drittanbietern<\/strong><\/p>\n<p>In einigen Sonderf\u00e4llen verwenden wir auch Cookies, die von vertrauensw\u00fcrdigen Drittanbietern bereitgestellt werden. Der folgende Abschnitt beschreibt, auf welche Cookies von Drittanbietern Sie m\u00f6glicherweise \u00fcber diese Website sto\u00dfen.<\/p>\n<ul>\n<li>Diese Website verwendet Google Analytics, eine der am weitesten verbreiteten und vertrauensw\u00fcrdigsten Analysel\u00f6sungen im Internet, die uns dabei hilft zu verstehen, wie Sie die Website nutzen und wie wir Ihre Erfahrung verbessern k\u00f6nnen. Diese Cookies k\u00f6nnen beispielsweise nachverfolgen, wie lange Sie auf der Website verbringen und welche Seiten Sie besuchen, damit wir weiterhin ansprechende Inhalte erstellen k\u00f6nnen. Weitere Informationen zu Google Analytics-Cookies finden Sie auf der offiziellen Google Analytics-Seite.<\/li>\n<li>Von Zeit zu Zeit testen wir neue Funktionen und nehmen subtile \u00c4nderungen an der Art und Weise vor, wie die Website bereitgestellt wird. Wenn wir noch neue Funktionen testen, k\u00f6nnen diese Cookies verwendet werden, um sicherzustellen, dass Sie auf der Website ein konsistentes Erlebnis erhalten, w\u00e4hrend wir sicherstellen, dass wir verstehen, welche Optimierungen unsere Benutzer am meisten sch\u00e4tzen.<\/li>\n<li>Da wir Produkte verkaufen, ist es f\u00fcr uns wichtig, Statistiken dar\u00fcber zu verstehen, wie viele der Besucher unserer Website tats\u00e4chlich einen Kauf t\u00e4tigen, und daher ist dies die Art von Daten, die diese Cookies verfolgen. Dies ist wichtig f\u00fcr Sie, da wir so genaue Gesch\u00e4ftsprognosen erstellen k\u00f6nnen, die es uns erm\u00f6glichen, unsere Werbe- und Produktkosten zu \u00fcberwachen, um den bestm\u00f6glichen Preis zu gew\u00e4hrleisten.<\/li>\n<li>Der Google AdSense-Dienst, den wir zum Schalten von Werbung verwenden, verwendet ein DoubleClick-Cookie, um relevantere Anzeigen im Internet zu schalten und die H\u00e4ufigkeit zu begrenzen, mit der Ihnen eine bestimmte Anzeige angezeigt wird. Weitere Informationen zu Google AdSense finden Sie in den offiziellen h\u00e4ufig gestellten Fragen zum Datenschutz von Google AdSense.<\/li>\n<li>Mehrere Partner werben in unserem Namen und Affiliate-Tracking-Cookies erm\u00f6glichen es uns einfach zu sehen, ob unsere Kunden \u00fcber eine unserer Partnerseiten auf die Website gekommen sind, damit wir sie angemessen kreditieren k\u00f6nnen und gegebenenfalls unseren Affiliate-Partnern erlauben, einen beliebigen Bonus zu gew\u00e4hren Ihnen f\u00fcr einen Kauf zur Verf\u00fcgung stellen.<\/li>\n<li>Wir verwenden auf dieser Website auch Schaltfl\u00e4chen und\/oder Plugins f\u00fcr soziale Medien, die es Ihnen erm\u00f6glichen, sich auf verschiedene Weise mit Ihrem sozialen Netzwerk zu verbinden. Damit diese funktionieren, k\u00f6nnen die folgenden Social-Media-Websites verwendet werden, einschlie\u00dflich: {Listen Sie die sozialen Netzwerke auf, deren Funktionen Sie in Ihre Website integriert haben?:12}, setzt Cookies \u00fcber unsere Website, die verwendet werden k\u00f6nnen, um Ihr Profil auf ihrer Website zu verbessern oder zu den Daten beizutragen, die sie f\u00fcr verschiedene Zwecke gespeichert haben, die in ihrer jeweiligen Datenschutzrichtlinie beschrieben sind Richtlinien.<\/li>\n<\/ul>\n<p><strong>Mehr Informationen<\/strong><\/p>\n<p>Hoffentlich hat das die Dinge f\u00fcr Sie gekl\u00e4rt, und wie bereits erw\u00e4hnt, wenn Sie sich nicht sicher sind, ob Sie Cookies ben\u00f6tigen oder nicht, ist es normalerweise sicherer, Cookies aktiviert zu lassen, falls sie mit einer der Funktionen interagieren, die Sie auf unserer Website verwenden.<\/p>\n<p>Wenn Sie jedoch immer noch nach weiteren Informationen suchen, k\u00f6nnen Sie uns \u00fcber eine unserer bevorzugten Kontaktmethoden kontaktieren:<\/p>\n<ul>\n<li>E-Mail: hello@hermagic.com<\/li>\n<\/ul>","protected":false},"excerpt":{"rendered":"<p>This is the Cookie Policy for HerMagic, accessible from hermagic.com What Are Cookies As is common practice with almost all professional websites this site uses cookies, which are tiny files that are downloaded to your computer, to improve your experience. This page describes what information they gather, how we use it and why we sometimes [&hellip;]<\/p>","protected":false},"author":1,"featured_media":0,"parent":0,"menu_order":0,"comment_status":"closed","ping_status":"closed","template":"","meta":{"footnotes":""},"class_list":["post-7265","page","type-page","status-publish","hentry"],"_links":{"self":[{"href":"https:\/\/test2.hermagic.com\/de_de\/wp-json\/wp\/v2\/pages\/7265","targetHints":{"allow":["GET"]}}],"collection":[{"href":"https:\/\/test2.hermagic.com\/de_de\/wp-json\/wp\/v2\/pages"}],"about":[{"href":"https:\/\/test2.hermagic.com\/de_de\/wp-json\/wp\/v2\/types\/page"}],"author":[{"embeddable":true,"href":"https:\/\/test2.hermagic.com\/de_de\/wp-json\/wp\/v2\/users\/1"}],"replies":[{"embeddable":true,"href":"https:\/\/test2.hermagic.com\/de_de\/wp-json\/wp\/v2\/comments?post=7265"}],"version-history":[{"count":0,"href":"https:\/\/test2.hermagic.com\/de_de\/wp-json\/wp\/v2\/pages\/7265\/revisions"}],"wp:attachment":[{"href":"https:\/\/test2.hermagic.com\/de_de\/wp-json\/wp\/v2\/media?parent=7265"}],"curies":[{"name":"wp","href":"https:\/\/api.w.org\/{rel}","templated":true}]}}