{"id":7268,"date":"2022-10-07T11:07:56","date_gmt":"2022-10-07T05:37:56","guid":{"rendered":"https:\/\/hermagic.com\/?page_id=7268"},"modified":"2023-03-28T13:53:19","modified_gmt":"2023-03-28T08:23:19","slug":"affiliate-policy","status":"publish","type":"page","link":"https:\/\/test2.hermagic.com\/de_de\/affiliate-policy\/","title":{"rendered":"Affiliate-Richtlinie"},"content":{"rendered":"<p>Bei <a href=\"https:\/\/hermagic.com\/\" target=\"_blank\" rel=\"noopener\">Ihre Magie<\/a> Sie finden Links zum Kauf von Produkten bei Amazon und anderen Partnern. Wenn Sie auf diese Links klicken, werden Sie manchmal feststellen, dass die URL einen kleinen zus\u00e4tzlichen Text enth\u00e4lt, der angibt, dass der Klick von unserer Website kam. Dieser Text ist ein Affiliate-Code und bedeutet, dass wir einen kleinen Prozentsatz des Geldes erhalten, das Sie ausgeben, wenn Sie sich f\u00fcr den Kauf dieses Produkts entscheiden. oder in einigen F\u00e4llen bald darauf andere Produkte von der Website.<\/p>\n<p>Diese Affiliate-Links tragen dazu bei, die Kosten f\u00fcr die Erstellung dieser Website zu bezahlen und sicherzustellen, dass der Inhalt f\u00fcr Sie kostenlos ist. Dies bedeutet jedoch nicht, dass wir Amazon oder einem anderen Unternehmen in irgendeiner Weise verpflichtet sind. Das Unternehmen hat auch keinen Einfluss auf die redaktionelle Berichterstattung, welche Produkte wir ver\u00f6ffentlichen, wie wir Produkte bewerten oder welche Produkte positiv bewertet werden. Unsere redaktionellen Inhalte sind v\u00f6llig unvoreingenommen und basieren auf umfangreichen Tests und Recherchen. Obwohl unsere Redaktion oft f\u00fcr das Einf\u00fcgen von Links in Seiten zust\u00e4ndig ist, sind ihre Bewertungen und Empfehlungen v\u00f6llig redaktionell unabh\u00e4ngig und es besteht kein Anreiz, schlechte Produkte zu empfehlen.<\/p>\n<p>Weitere Informationen finden Sie in unserem\u00a0<a href=\"https:\/\/hermagic.com\/privacy-policy\" target=\"_blank\" rel=\"noopener\">Datenschutz-Bestimmungen<\/a>\u00a0Und\u00a0<a href=\"https:\/\/hermagic.com\/cookie-policy\" target=\"_blank\" rel=\"noopener\">Cookie-Richtlinie<\/a>.<\/p>","protected":false},"excerpt":{"rendered":"<p>At Her Magic you\u2019ll find links to buy products from Amazon and other partners. If you click on these links, you\u2019ll sometimes find that the URL includes a small extra piece of text that identifies that the click came from our website. This text is an affiliate code, and it means we receive a small [&hellip;]<\/p>","protected":false},"author":1,"featured_media":0,"parent":0,"menu_order":0,"comment_status":"closed","ping_status":"closed","template":"","meta":{"footnotes":""},"class_list":["post-7268","page","type-page","status-publish","hentry"],"_links":{"self":[{"href":"https:\/\/test2.hermagic.com\/de_de\/wp-json\/wp\/v2\/pages\/7268","targetHints":{"allow":["GET"]}}],"collection":[{"href":"https:\/\/test2.hermagic.com\/de_de\/wp-json\/wp\/v2\/pages"}],"about":[{"href":"https:\/\/test2.hermagic.com\/de_de\/wp-json\/wp\/v2\/types\/page"}],"author":[{"embeddable":true,"href":"https:\/\/test2.hermagic.com\/de_de\/wp-json\/wp\/v2\/users\/1"}],"replies":[{"embeddable":true,"href":"https:\/\/test2.hermagic.com\/de_de\/wp-json\/wp\/v2\/comments?post=7268"}],"version-history":[{"count":0,"href":"https:\/\/test2.hermagic.com\/de_de\/wp-json\/wp\/v2\/pages\/7268\/revisions"}],"wp:attachment":[{"href":"https:\/\/test2.hermagic.com\/de_de\/wp-json\/wp\/v2\/media?parent=7268"}],"curies":[{"name":"wp","href":"https:\/\/api.w.org\/{rel}","templated":true}]}}