{"id":6972,"date":"2022-09-29T05:28:57","date_gmt":"2022-09-29T05:28:57","guid":{"rendered":"https:\/\/hermagic.com\/?page_id=6972"},"modified":"2022-09-29T05:28:57","modified_gmt":"2022-09-29T05:28:57","slug":"privacy-policy","status":"publish","type":"page","link":"https:\/\/test2.hermagic.com\/es_es\/privacy-policy\/","title":{"rendered":"pol\u00edtica de privacidad"},"content":{"rendered":"<p>En hermagic, accesible desde https:\/\/hermagic.com\/, una de nuestras principales prioridades es la privacidad de nuestros visitantes. Este documento de Pol\u00edtica de privacidad contiene tipos de informaci\u00f3n que hermagic recopila y registra y c\u00f3mo la usamos.<\/p>\n<p>Si tienes preguntas adicionales o requieres m\u00e1s informaci\u00f3n sobre nuestra Pol\u00edtica de Privacidad, no dudes en contactarnos.<\/p>\n<p>Esta Pol\u00edtica de privacidad se aplica solo a nuestras actividades en l\u00ednea y es v\u00e1lida para los visitantes de nuestro sitio web con respecto a la informaci\u00f3n que compartieron y\/o recopilaron en hermagic. Esta pol\u00edtica no se aplica a ninguna informaci\u00f3n recopilada fuera de l\u00ednea o a trav\u00e9s de canales que no sean este sitio web.<\/p>\n<div id=\"ez-toc-container\" class=\"ez-toc-v2_0_46 counter-hierarchy ez-toc-counter ez-toc-grey ez-toc-container-direction\">\n<div class=\"ez-toc-title-container\">\n<p class=\"ez-toc-title\">Tabla de contenidos<\/p>\n<span class=\"ez-toc-title-toggle\"><a href=\"#\" class=\"ez-toc-pull-right ez-toc-btn ez-toc-btn-xs ez-toc-btn-default ez-toc-toggle\" aria-label=\"ez-toc-alternar-icono-1\"><label for=\"item-69d5a8cdd7e7b\" aria-label=\"Tabla de contenidos\"><span style=\"display: flex;align-items: center;width: 35px;height: 30px;justify-content: center;direction:ltr;\"><svg style=\"fill: #999;color:#999\" xmlns=\"http:\/\/www.w3.org\/2000\/svg\" class=\"list-377408\" width=\"20px\" height=\"20px\" viewbox=\"0 0 24 24\" fill=\"none\"><path d=\"M6 6H4v2h2V6zm14 0H8v2h12V6zM4 11h2v2H4v-2zm16 0H8v2h12v-2zM4 16h2v2H4v-2zm16 0H8v2h12v-2z\" fill=\"currentColor\"><\/path><\/svg><svg style=\"fill: #999;color:#999\" class=\"arrow-unsorted-368013\" xmlns=\"http:\/\/www.w3.org\/2000\/svg\" width=\"10px\" height=\"10px\" viewbox=\"0 0 24 24\" version=\"1.2\" baseprofile=\"tiny\"><path d=\"M18.2 9.3l-6.2-6.3-6.2 6.3c-.2.2-.3.4-.3.7s.1.5.3.7c.2.2.4.3.7.3h11c.3 0 .5-.1.7-.3.2-.2.3-.5.3-.7s-.1-.5-.3-.7zM5.8 14.7l6.2 6.3 6.2-6.3c.2-.2.3-.5.3-.7s-.1-.5-.3-.7c-.2-.2-.4-.3-.7-.3h-11c-.3 0-.5.1-.7.3-.2.2-.3.5-.3.7s.1.5.3.7z\"\/><\/svg><\/span><\/label><input  type=\"checkbox\" id=\"item-69d5a8cdd7e7b\"><\/a><\/span><\/div>\n<nav><ul class='ez-toc-list ez-toc-list-level-1' ><li class='ez-toc-page-1 ez-toc-heading-level-2'><a class=\"ez-toc-link ez-toc-heading-1\" href=\"https:\/\/test2.hermagic.com\/es_es\/privacy-policy\/#Consent\" title=\"Consentir\">Consentir<\/a><\/li><li class='ez-toc-page-1 ez-toc-heading-level-2'><a class=\"ez-toc-link ez-toc-heading-2\" href=\"https:\/\/test2.hermagic.com\/es_es\/privacy-policy\/#Information_we_collect\" title=\"Informaci\u00f3n que recopilamos\">Informaci\u00f3n que recopilamos<\/a><\/li><li class='ez-toc-page-1 ez-toc-heading-level-2'><a class=\"ez-toc-link ez-toc-heading-3\" href=\"https:\/\/test2.hermagic.com\/es_es\/privacy-policy\/#How_we_use_your_information\" title=\"C\u00f3mo usamos su informaci\u00f3n\">C\u00f3mo usamos su informaci\u00f3n<\/a><\/li><li class='ez-toc-page-1 ez-toc-heading-level-2'><a class=\"ez-toc-link ez-toc-heading-4\" href=\"https:\/\/test2.hermagic.com\/es_es\/privacy-policy\/#Log_Files\" title=\"Archivos de registro\">Archivos de registro<\/a><\/li><li class='ez-toc-page-1 ez-toc-heading-level-2'><a class=\"ez-toc-link ez-toc-heading-5\" href=\"https:\/\/test2.hermagic.com\/es_es\/privacy-policy\/#Cookies_and_Web_Beacons\" title=\"Cookies y balizas web\">Cookies y balizas web<\/a><\/li><li class='ez-toc-page-1 ez-toc-heading-level-2'><a class=\"ez-toc-link ez-toc-heading-6\" href=\"https:\/\/test2.hermagic.com\/es_es\/privacy-policy\/#Google_DoubleClick_DART_Cookie\" title=\"Cookie de DART de Google DoubleClick\">Cookie de DART de Google DoubleClick<\/a><\/li><li class='ez-toc-page-1 ez-toc-heading-level-2'><a class=\"ez-toc-link ez-toc-heading-7\" href=\"https:\/\/test2.hermagic.com\/es_es\/privacy-policy\/#Our_Advertising_Partners\" title=\"Nuestros socios publicitarios\">Nuestros socios publicitarios<\/a><\/li><li class='ez-toc-page-1 ez-toc-heading-level-2'><a class=\"ez-toc-link ez-toc-heading-8\" href=\"https:\/\/test2.hermagic.com\/es_es\/privacy-policy\/#Advertising_Partners_Privacy_Policies\" title=\"Pol\u00edticas de privacidad de socios publicitarios\">Pol\u00edticas de privacidad de socios publicitarios<\/a><\/li><li class='ez-toc-page-1 ez-toc-heading-level-2'><a class=\"ez-toc-link ez-toc-heading-9\" href=\"https:\/\/test2.hermagic.com\/es_es\/privacy-policy\/#Third_Party_Privacy_Policies\" title=\"Pol\u00edticas de privacidad de terceros\">Pol\u00edticas de privacidad de terceros<\/a><\/li><li class='ez-toc-page-1 ez-toc-heading-level-2'><a class=\"ez-toc-link ez-toc-heading-10\" href=\"https:\/\/test2.hermagic.com\/es_es\/privacy-policy\/#CCPA_Privacy_Rights_Do_Not_Sell_My_Personal_Information\" title=\"Derechos de privacidad de CCPA (No vender mi informaci\u00f3n personal)\">Derechos de privacidad de CCPA (No vender mi informaci\u00f3n personal)<\/a><\/li><li class='ez-toc-page-1 ez-toc-heading-level-2'><a class=\"ez-toc-link ez-toc-heading-11\" href=\"https:\/\/test2.hermagic.com\/es_es\/privacy-policy\/#GDPR_Data_Protection_Rights\" title=\"Derechos de protecci\u00f3n de datos RGPD\">Derechos de protecci\u00f3n de datos RGPD<\/a><\/li><li class='ez-toc-page-1 ez-toc-heading-level-2'><a class=\"ez-toc-link ez-toc-heading-12\" href=\"https:\/\/test2.hermagic.com\/es_es\/privacy-policy\/#Childrens_Information\" title=\"Informaci\u00f3n para ni\u00f1os\">Informaci\u00f3n para ni\u00f1os<\/a><\/li><\/ul><\/nav><\/div>\n<h2><span class=\"ez-toc-section\" id=\"Consent\"><\/span>Consentir<span class=\"ez-toc-section-end\"><\/span><\/h2>\n<p>Al utilizar nuestro sitio web, usted acepta nuestra Pol\u00edtica de privacidad y acepta sus t\u00e9rminos.<\/p>\n<h2><span class=\"ez-toc-section\" id=\"Information_we_collect\"><\/span>Informaci\u00f3n que recopilamos<span class=\"ez-toc-section-end\"><\/span><\/h2>\n<p>La informaci\u00f3n personal que se le solicita que proporcione, y las razones por las que se le solicita que la proporcione, se le aclarar\u00e1n en el momento en que le solicitemos que proporcione su informaci\u00f3n personal.<\/p>\n<p>Si se comunica con nosotros directamente, podemos recibir informaci\u00f3n adicional sobre usted, como su nombre, direcci\u00f3n de correo electr\u00f3nico, n\u00famero de tel\u00e9fono, el contenido del mensaje y\/o los archivos adjuntos que nos env\u00ede, y cualquier otra informaci\u00f3n que elija proporcionar.<\/p>\n<p>Cuando se registra para una Cuenta, podemos solicitar su informaci\u00f3n de contacto, incluidos elementos como el nombre, el nombre de la empresa, la direcci\u00f3n, la direcci\u00f3n de correo electr\u00f3nico y el n\u00famero de tel\u00e9fono.<\/p>\n<h2><span class=\"ez-toc-section\" id=\"How_we_use_your_information\"><\/span>C\u00f3mo usamos su informaci\u00f3n<span class=\"ez-toc-section-end\"><\/span><\/h2>\n<p>Usamos la informaci\u00f3n que recopilamos de varias maneras, que incluyen:<\/p>\n<ul>\n<li>Proporcionar, operar y mantener nuestro sitio web<\/li>\n<li>Mejorar, personalizar y expandir nuestro sitio web<\/li>\n<li>Comprender y analizar c\u00f3mo utiliza nuestro sitio web<\/li>\n<li>Desarrollar nuevos productos, servicios, caracter\u00edsticas y funcionalidades.<\/li>\n<li>Comunicarnos con usted, ya sea directamente o a trav\u00e9s de uno de nuestros socios, incluido el servicio de atenci\u00f3n al cliente, para brindarle actualizaciones y otra informaci\u00f3n relacionada con el sitio web, y con fines promocionales y de marketing.<\/li>\n<li>Enviarle correos electr\u00f3nicos<\/li>\n<li>Encuentre y prevenga el fraude<\/li>\n<\/ul>\n<h2><span class=\"ez-toc-section\" id=\"Log_Files\"><\/span>Archivos de registro<span class=\"ez-toc-section-end\"><\/span><\/h2>\n<p>hermagic sigue un procedimiento est\u00e1ndar de uso de archivos de registro. Estos archivos registran a los visitantes cuando visitan sitios web. Todas las empresas de hospedaje hacen esto y son parte del an\u00e1lisis de los servicios de hospedaje. La informaci\u00f3n recopilada por los archivos de registro incluye direcciones de protocolo de Internet (IP), tipo de navegador, proveedor de servicios de Internet (ISP), marca de fecha y hora, p\u00e1ginas de referencia\/salida y posiblemente la cantidad de clics. Estos no est\u00e1n vinculados a ninguna informaci\u00f3n que sea personalmente identificable. El prop\u00f3sito de la informaci\u00f3n es analizar tendencias, administrar el sitio, rastrear el movimiento de los usuarios en el sitio web y recopilar informaci\u00f3n demogr\u00e1fica.<\/p>\n<h2><span class=\"ez-toc-section\" id=\"Cookies_and_Web_Beacons\"><\/span>Cookies y balizas web<span class=\"ez-toc-section-end\"><\/span><\/h2>\n<p>Como cualquier otro sitio web, hermagic utiliza &#039;cookies&#039;. Estas cookies se utilizan para almacenar informaci\u00f3n, incluidas las preferencias de los visitantes y las p\u00e1ginas del sitio web a las que accedi\u00f3 o visit\u00f3 el visitante. La informaci\u00f3n se utiliza para optimizar la experiencia de los usuarios al personalizar el contenido de nuestra p\u00e1gina web seg\u00fan el tipo de navegador de los visitantes y\/u otra informaci\u00f3n.<\/p>\n<h2><span class=\"ez-toc-section\" id=\"Google_DoubleClick_DART_Cookie\"><\/span>Cookie de DART de Google DoubleClick<span class=\"ez-toc-section-end\"><\/span><\/h2>\n<p>Google es uno de los proveedores externos de nuestro sitio. Tambi\u00e9n utiliza cookies, conocidas como cookies de DART, para mostrar anuncios a los visitantes de nuestro sitio en funci\u00f3n de su visita a www.website.com y otros sitios en Internet. Sin embargo, los visitantes pueden optar por rechazar el uso de cookies de DART visitando la Pol\u00edtica de privacidad de la red de anuncios y contenido de Google en la siguiente URL: <a href=\"https:\/\/policies.google.com\/technologies\/ads\" target=\"_blank\" rel=\"noopener\">https:\/\/policies.google.com\/technologies\/ads<\/a><\/p>\n<h2><span class=\"ez-toc-section\" id=\"Our_Advertising_Partners\"><\/span>Nuestros socios publicitarios<span class=\"ez-toc-section-end\"><\/span><\/h2>\n<p>Algunos de los anunciantes en nuestro sitio pueden usar cookies y balizas web. Nuestros socios publicitarios se enumeran a continuaci\u00f3n. Cada uno de nuestros socios publicitarios tiene su propia Pol\u00edtica de privacidad para sus pol\u00edticas sobre datos de usuario. Para un acceso m\u00e1s f\u00e1cil, tenemos un hiperv\u00ednculo a sus Pol\u00edticas de privacidad a continuaci\u00f3n.<\/p>\n<ul>\n<li>Google\n<p><a href=\"https:\/\/policies.google.com\/technologies\/ads\" target=\"_blank\" rel=\"noopener\">https:\/\/policies.google.com\/technologies\/ads<\/a><\/li>\n<\/ul>\n<h2><span class=\"ez-toc-section\" id=\"Advertising_Partners_Privacy_Policies\"><\/span>Pol\u00edticas de privacidad de socios publicitarios<span class=\"ez-toc-section-end\"><\/span><\/h2>\n<p>Puede consultar esta lista para encontrar la Pol\u00edtica de privacidad de cada uno de los socios publicitarios de hermagic.<\/p>\n<p>Los servidores de anuncios o redes de anuncios de terceros utilizan tecnolog\u00edas como cookies, JavaScript o balizas web que se utilizan en sus respectivos anuncios y enlaces que aparecen en hermagic, que se env\u00edan directamente al navegador de los usuarios. Reciben autom\u00e1ticamente su direcci\u00f3n IP cuando esto ocurre. Estas tecnolog\u00edas se utilizan para medir la efectividad de sus campa\u00f1as publicitarias y\/o para personalizar el contenido publicitario que ve en los sitios web que visita.<\/p>\n<p>Tenga en cuenta que hermagic no tiene acceso ni control sobre estas cookies que utilizan los anunciantes de terceros.<\/p>\n<h2><span class=\"ez-toc-section\" id=\"Third_Party_Privacy_Policies\"><\/span>Pol\u00edticas de privacidad de terceros<span class=\"ez-toc-section-end\"><\/span><\/h2>\n<p>La Pol\u00edtica de privacidad de hermagic no se aplica a otros anunciantes o sitios web. Por lo tanto, le recomendamos que consulte las Pol\u00edticas de privacidad respectivas de estos servidores de anuncios de terceros para obtener informaci\u00f3n m\u00e1s detallada. Puede incluir sus pr\u00e1cticas e instrucciones sobre c\u00f3mo excluirse de ciertas opciones.<\/p>\n<p>Puede optar por deshabilitar las cookies a trav\u00e9s de las opciones de su navegador individual. Para conocer informaci\u00f3n m\u00e1s detallada sobre la gesti\u00f3n de cookies con navegadores web espec\u00edficos, se puede encontrar en los sitios web respectivos de los navegadores.<\/p>\n<h2><span class=\"ez-toc-section\" id=\"CCPA_Privacy_Rights_Do_Not_Sell_My_Personal_Information\"><\/span>Derechos de privacidad de CCPA (No vender mi informaci\u00f3n personal)<span class=\"ez-toc-section-end\"><\/span><\/h2>\n<p>Seg\u00fan la CCPA, entre otros derechos, los consumidores de California tienen derecho a:<\/p>\n<p>Solicitar que una empresa que recopila datos personales de un consumidor divulgue las categor\u00edas y partes espec\u00edficas de datos personales que una empresa ha recopilado sobre los consumidores.<\/p>\n<p>Solicitar que una empresa elimine cualquier dato personal sobre el consumidor que haya recopilado una empresa.<\/p>\n<p>Solicitar que una empresa que vende los datos personales de un consumidor, no venda los datos personales del consumidor.<\/p>\n<p>Si realiza una solicitud, tenemos un mes para responderle. Si desea ejercer alguno de estos derechos, p\u00f3ngase en contacto con nosotros.<\/p>\n<h2><span class=\"ez-toc-section\" id=\"GDPR_Data_Protection_Rights\"><\/span>Derechos de protecci\u00f3n de datos RGPD<span class=\"ez-toc-section-end\"><\/span><\/h2>\n<p>Nos gustar\u00eda asegurarnos de que conoce todos sus derechos de protecci\u00f3n de datos. Todo usuario tiene derecho a lo siguiente:<\/p>\n<p>El derecho de acceso: tiene derecho a solicitar copias de sus datos personales. Es posible que le cobremos una peque\u00f1a tarifa por este servicio.<\/p>\n<p>El derecho a la rectificaci\u00f3n: tiene derecho a solicitar que corrijamos cualquier informaci\u00f3n que crea que es inexacta. Tambi\u00e9n tiene derecho a solicitar que completemos la informaci\u00f3n que cree que est\u00e1 incompleta.<\/p>\n<p>El derecho a borrar: tiene derecho a solicitar que eliminemos sus datos personales, bajo ciertas condiciones.<\/p>\n<p>El derecho a restringir el procesamiento: tiene derecho a solicitar que restrinjamos el procesamiento de sus datos personales, bajo ciertas condiciones.<\/p>\n<p>El derecho a oponerse al procesamiento: tiene derecho a oponerse a que procesemos sus datos personales, bajo ciertas condiciones.<\/p>\n<p>El derecho a la portabilidad de datos: tiene derecho a solicitar que transfiramos los datos que hemos recopilado a otra organizaci\u00f3n, o directamente a usted, bajo ciertas condiciones.<\/p>\n<p>Si realiza una solicitud, tenemos un mes para responderle. Si desea ejercer alguno de estos derechos, p\u00f3ngase en contacto con nosotros.<\/p>\n<h2><span class=\"ez-toc-section\" id=\"Childrens_Information\"><\/span>Informaci\u00f3n para ni\u00f1os<span class=\"ez-toc-section-end\"><\/span><\/h2>\n<p>Otra parte de nuestra prioridad es agregar protecci\u00f3n para los ni\u00f1os mientras usan Internet. Alentamos a los padres y tutores a observar, participar y\/o monitorear y guiar su actividad en l\u00ednea.<\/p>\n<p>hermagic no recopila a sabiendas ninguna informaci\u00f3n de identificaci\u00f3n personal de ni\u00f1os menores de 13 a\u00f1os. Si cree que su hijo proporcion\u00f3 este tipo de informaci\u00f3n en nuestro sitio web, le recomendamos encarecidamente que se comunique con nosotros de inmediato y haremos todo lo posible para eliminarla de inmediato. dicha informaci\u00f3n de nuestros registros.<\/p>","protected":false},"excerpt":{"rendered":"<p>At hermagic, accessible from https:\/\/hermagic.com\/, one of our main priorities is the privacy of our visitors. This Privacy Policy document contains types of information that are collected and recorded by hermagic and how we use it. If you have additional questions or require more information about our Privacy Policy, do not hesitate to contact us. [&hellip;]<\/p>","protected":false},"author":1,"featured_media":0,"parent":0,"menu_order":0,"comment_status":"closed","ping_status":"closed","template":"","meta":{"footnotes":""},"class_list":["post-6972","page","type-page","status-publish","hentry"],"_links":{"self":[{"href":"https:\/\/test2.hermagic.com\/es_es\/wp-json\/wp\/v2\/pages\/6972","targetHints":{"allow":["GET"]}}],"collection":[{"href":"https:\/\/test2.hermagic.com\/es_es\/wp-json\/wp\/v2\/pages"}],"about":[{"href":"https:\/\/test2.hermagic.com\/es_es\/wp-json\/wp\/v2\/types\/page"}],"author":[{"embeddable":true,"href":"https:\/\/test2.hermagic.com\/es_es\/wp-json\/wp\/v2\/users\/1"}],"replies":[{"embeddable":true,"href":"https:\/\/test2.hermagic.com\/es_es\/wp-json\/wp\/v2\/comments?post=6972"}],"version-history":[{"count":0,"href":"https:\/\/test2.hermagic.com\/es_es\/wp-json\/wp\/v2\/pages\/6972\/revisions"}],"wp:attachment":[{"href":"https:\/\/test2.hermagic.com\/es_es\/wp-json\/wp\/v2\/media?parent=6972"}],"curies":[{"name":"wp","href":"https:\/\/api.w.org\/{rel}","templated":true}]}}