{"id":6972,"date":"2022-09-29T05:28:57","date_gmt":"2022-09-29T05:28:57","guid":{"rendered":"https:\/\/hermagic.com\/?page_id=6972"},"modified":"2022-09-29T05:28:57","modified_gmt":"2022-09-29T05:28:57","slug":"privacy-policy","status":"publish","type":"page","link":"https:\/\/test2.hermagic.com\/fr_fr\/privacy-policy\/","title":{"rendered":"politique de confidentialit\u00e9"},"content":{"rendered":"<p>Chez hermagic, accessible depuis https:\/\/hermagic.com\/, l&#039;une de nos principales priorit\u00e9s est la confidentialit\u00e9 de nos visiteurs. Ce document de politique de confidentialit\u00e9 contient des types d&#039;informations qui sont collect\u00e9es et enregistr\u00e9es par hermagic et comment nous les utilisons.<\/p>\n<p>Si vous avez des questions suppl\u00e9mentaires ou souhaitez plus d&#039;informations sur notre politique de confidentialit\u00e9, n&#039;h\u00e9sitez pas \u00e0 nous contacter.<\/p>\n<p>Cette politique de confidentialit\u00e9 s&#039;applique uniquement \u00e0 nos activit\u00e9s en ligne et est valable pour les visiteurs de notre site Web en ce qui concerne les informations qu&#039;ils partagent et\/ou collectent dans hermagic. Cette politique ne s&#039;applique pas aux informations collect\u00e9es hors ligne ou via des canaux autres que ce site Web.<\/p>\n<div id=\"ez-toc-container\" class=\"ez-toc-v2_0_46 counter-hierarchy ez-toc-counter ez-toc-grey ez-toc-container-direction\">\n<div class=\"ez-toc-title-container\">\n<p class=\"ez-toc-title\">Table des mati\u00e8res<\/p>\n<span class=\"ez-toc-title-toggle\"><a href=\"#\" class=\"ez-toc-pull-right ez-toc-btn ez-toc-btn-xs ez-toc-btn-default ez-toc-toggle\" aria-label=\"ez-toc-toggle-icon-1\"><label for=\"item-69d733725f74e\" aria-label=\"Table des mati\u00e8res\"><span style=\"display: flex;align-items: center;width: 35px;height: 30px;justify-content: center;direction:ltr;\"><svg style=\"fill: #999;color:#999\" xmlns=\"http:\/\/www.w3.org\/2000\/svg\" class=\"list-377408\" width=\"20px\" height=\"20px\" viewbox=\"0 0 24 24\" fill=\"none\"><path d=\"M6 6H4v2h2V6zm14 0H8v2h12V6zM4 11h2v2H4v-2zm16 0H8v2h12v-2zM4 16h2v2H4v-2zm16 0H8v2h12v-2z\" fill=\"currentColor\"><\/path><\/svg><svg style=\"fill: #999;color:#999\" class=\"arrow-unsorted-368013\" xmlns=\"http:\/\/www.w3.org\/2000\/svg\" width=\"10px\" height=\"10px\" viewbox=\"0 0 24 24\" version=\"1.2\" baseprofile=\"tiny\"><path d=\"M18.2 9.3l-6.2-6.3-6.2 6.3c-.2.2-.3.4-.3.7s.1.5.3.7c.2.2.4.3.7.3h11c.3 0 .5-.1.7-.3.2-.2.3-.5.3-.7s-.1-.5-.3-.7zM5.8 14.7l6.2 6.3 6.2-6.3c.2-.2.3-.5.3-.7s-.1-.5-.3-.7c-.2-.2-.4-.3-.7-.3h-11c-.3 0-.5.1-.7.3-.2.2-.3.5-.3.7s.1.5.3.7z\"\/><\/svg><\/span><\/label><input  type=\"checkbox\" id=\"item-69d733725f74e\"><\/a><\/span><\/div>\n<nav><ul class='ez-toc-list ez-toc-list-level-1' ><li class='ez-toc-page-1 ez-toc-heading-level-2'><a class=\"ez-toc-link ez-toc-heading-1\" href=\"https:\/\/test2.hermagic.com\/fr_fr\/privacy-policy\/#Consent\" title=\"Consentement\">Consentement<\/a><\/li><li class='ez-toc-page-1 ez-toc-heading-level-2'><a class=\"ez-toc-link ez-toc-heading-2\" href=\"https:\/\/test2.hermagic.com\/fr_fr\/privacy-policy\/#Information_we_collect\" title=\"Informations que nous collectons\">Informations que nous collectons<\/a><\/li><li class='ez-toc-page-1 ez-toc-heading-level-2'><a class=\"ez-toc-link ez-toc-heading-3\" href=\"https:\/\/test2.hermagic.com\/fr_fr\/privacy-policy\/#How_we_use_your_information\" title=\"Comment nous utilisons vos informations\">Comment nous utilisons vos informations<\/a><\/li><li class='ez-toc-page-1 ez-toc-heading-level-2'><a class=\"ez-toc-link ez-toc-heading-4\" href=\"https:\/\/test2.hermagic.com\/fr_fr\/privacy-policy\/#Log_Files\" title=\"Fichiers journaux\">Fichiers journaux<\/a><\/li><li class='ez-toc-page-1 ez-toc-heading-level-2'><a class=\"ez-toc-link ez-toc-heading-5\" href=\"https:\/\/test2.hermagic.com\/fr_fr\/privacy-policy\/#Cookies_and_Web_Beacons\" title=\"Cookies et balises Web\">Cookies et balises Web<\/a><\/li><li class='ez-toc-page-1 ez-toc-heading-level-2'><a class=\"ez-toc-link ez-toc-heading-6\" href=\"https:\/\/test2.hermagic.com\/fr_fr\/privacy-policy\/#Google_DoubleClick_DART_Cookie\" title=\"Cookie Google DoubleClick DART\">Cookie Google DoubleClick DART<\/a><\/li><li class='ez-toc-page-1 ez-toc-heading-level-2'><a class=\"ez-toc-link ez-toc-heading-7\" href=\"https:\/\/test2.hermagic.com\/fr_fr\/privacy-policy\/#Our_Advertising_Partners\" title=\"Nos partenaires publicitaires\">Nos partenaires publicitaires<\/a><\/li><li class='ez-toc-page-1 ez-toc-heading-level-2'><a class=\"ez-toc-link ez-toc-heading-8\" href=\"https:\/\/test2.hermagic.com\/fr_fr\/privacy-policy\/#Advertising_Partners_Privacy_Policies\" title=\"Politiques de confidentialit\u00e9 des partenaires publicitaires\">Politiques de confidentialit\u00e9 des partenaires publicitaires<\/a><\/li><li class='ez-toc-page-1 ez-toc-heading-level-2'><a class=\"ez-toc-link ez-toc-heading-9\" href=\"https:\/\/test2.hermagic.com\/fr_fr\/privacy-policy\/#Third_Party_Privacy_Policies\" title=\"Politiques de confidentialit\u00e9 des tiers\">Politiques de confidentialit\u00e9 des tiers<\/a><\/li><li class='ez-toc-page-1 ez-toc-heading-level-2'><a class=\"ez-toc-link ez-toc-heading-10\" href=\"https:\/\/test2.hermagic.com\/fr_fr\/privacy-policy\/#CCPA_Privacy_Rights_Do_Not_Sell_My_Personal_Information\" title=\"Droits de confidentialit\u00e9 CCPA (Ne vendez pas mes informations personnelles)\">Droits de confidentialit\u00e9 CCPA (Ne vendez pas mes informations personnelles)<\/a><\/li><li class='ez-toc-page-1 ez-toc-heading-level-2'><a class=\"ez-toc-link ez-toc-heading-11\" href=\"https:\/\/test2.hermagic.com\/fr_fr\/privacy-policy\/#GDPR_Data_Protection_Rights\" title=\"Droits de protection des donn\u00e9es GDPR\">Droits de protection des donn\u00e9es GDPR<\/a><\/li><li class='ez-toc-page-1 ez-toc-heading-level-2'><a class=\"ez-toc-link ez-toc-heading-12\" href=\"https:\/\/test2.hermagic.com\/fr_fr\/privacy-policy\/#Childrens_Information\" title=\"Informations sur les enfants\">Informations sur les enfants<\/a><\/li><\/ul><\/nav><\/div>\n<h2><span class=\"ez-toc-section\" id=\"Consent\"><\/span>Consentement<span class=\"ez-toc-section-end\"><\/span><\/h2>\n<p>En utilisant notre site Web, vous consentez par la pr\u00e9sente \u00e0 notre politique de confidentialit\u00e9 et acceptez ses conditions.<\/p>\n<h2><span class=\"ez-toc-section\" id=\"Information_we_collect\"><\/span>Informations que nous collectons<span class=\"ez-toc-section-end\"><\/span><\/h2>\n<p>Les informations personnelles que vous \u00eates invit\u00e9 \u00e0 fournir, et les raisons pour lesquelles vous \u00eates invit\u00e9 \u00e0 les fournir, vous seront pr\u00e9cis\u00e9es au moment o\u00f9 nous vous demanderons de fournir vos informations personnelles.<\/p>\n<p>Si vous nous contactez directement, nous pouvons recevoir des informations suppl\u00e9mentaires vous concernant telles que votre nom, votre adresse e-mail, votre num\u00e9ro de t\u00e9l\u00e9phone, le contenu du message et\/ou des pi\u00e8ces jointes que vous pouvez nous envoyer, et toute autre information que vous pouvez choisir de fournir.<\/p>\n<p>Lorsque vous cr\u00e9ez un compte, nous pouvons vous demander vos coordonn\u00e9es, y compris des \u00e9l\u00e9ments tels que le nom, le nom de l&#039;entreprise, l&#039;adresse, l&#039;adresse e-mail et le num\u00e9ro de t\u00e9l\u00e9phone.<\/p>\n<h2><span class=\"ez-toc-section\" id=\"How_we_use_your_information\"><\/span>Comment nous utilisons vos informations<span class=\"ez-toc-section-end\"><\/span><\/h2>\n<p>Nous utilisons les informations que nous collectons de diff\u00e9rentes mani\u00e8res, notamment :<\/p>\n<ul>\n<li>Fournir, exploiter et maintenir notre site Web<\/li>\n<li>Am\u00e9liorer, personnaliser et d\u00e9velopper notre site Web<\/li>\n<li>Comprendre et analyser la fa\u00e7on dont vous utilisez notre site Web<\/li>\n<li>D\u00e9velopper de nouveaux produits, services, caract\u00e9ristiques et fonctionnalit\u00e9s<\/li>\n<li>Communiquer avec vous, directement ou par l&#039;interm\u00e9diaire de l&#039;un de nos partenaires, y compris pour le service client, pour vous fournir des mises \u00e0 jour et d&#039;autres informations relatives au site Web, et \u00e0 des fins de marketing et de promotion<\/li>\n<li>Vous envoyer des e-mails<\/li>\n<li>D\u00e9tecter et pr\u00e9venir la fraude<\/li>\n<\/ul>\n<h2><span class=\"ez-toc-section\" id=\"Log_Files\"><\/span>Fichiers journaux<span class=\"ez-toc-section-end\"><\/span><\/h2>\n<p>hermagic suit une proc\u00e9dure standard d&#039;utilisation des fichiers journaux. Ces fichiers enregistrent les visiteurs lorsqu&#039;ils visitent des sites Web. Toutes les soci\u00e9t\u00e9s d&#039;h\u00e9bergement le font et font partie de l&#039;analyse des services d&#039;h\u00e9bergement. Les informations collect\u00e9es par les fichiers journaux incluent les adresses IP (protocole Internet), le type de navigateur, le fournisseur d&#039;acc\u00e8s Internet (FAI), l&#039;horodatage, les pages de renvoi\/sortie et \u00e9ventuellement le nombre de clics. Ceux-ci ne sont li\u00e9s \u00e0 aucune information personnellement identifiable. Le but de l&#039;information est d&#039;analyser les tendances, d&#039;administrer le site, de suivre le mouvement des utilisateurs sur le site Web et de recueillir des informations d\u00e9mographiques.<\/p>\n<h2><span class=\"ez-toc-section\" id=\"Cookies_and_Web_Beacons\"><\/span>Cookies et balises Web<span class=\"ez-toc-section-end\"><\/span><\/h2>\n<p>Comme tout autre site Internet, hermagic utilise des \u00ab cookies \u00bb. Ces cookies sont utilis\u00e9s pour stocker des informations, y compris les pr\u00e9f\u00e9rences des visiteurs et les pages du site Web auxquelles le visiteur a acc\u00e9d\u00e9 ou visit\u00e9. Les informations sont utilis\u00e9es pour optimiser l&#039;exp\u00e9rience des utilisateurs en personnalisant le contenu de notre page Web en fonction du type de navigateur des visiteurs et\/ou d&#039;autres informations.<\/p>\n<h2><span class=\"ez-toc-section\" id=\"Google_DoubleClick_DART_Cookie\"><\/span>Cookie Google DoubleClick DART<span class=\"ez-toc-section-end\"><\/span><\/h2>\n<p>Google est l&#039;un des fournisseurs tiers de notre site. Il utilise \u00e9galement des cookies, connus sous le nom de cookies DART, pour diffuser des annonces aux visiteurs de notre site en fonction de leur visite sur www.website.com et d&#039;autres sites sur Internet. Cependant, les visiteurs peuvent choisir de refuser l&#039;utilisation des cookies DART en visitant la politique de confidentialit\u00e9 du r\u00e9seau publicitaire et de contenu de Google \u00e0 l&#039;URL suivante - <a href=\"https:\/\/policies.google.com\/technologies\/ads\" target=\"_blank\" rel=\"noopener\">https:\/\/policies.google.com\/technologies\/ads<\/a><\/p>\n<h2><span class=\"ez-toc-section\" id=\"Our_Advertising_Partners\"><\/span>Nos partenaires publicitaires<span class=\"ez-toc-section-end\"><\/span><\/h2>\n<p>Certains des annonceurs de notre site peuvent utiliser des cookies et des balises Web. Nos partenaires publicitaires sont list\u00e9s ci-dessous. Chacun de nos partenaires publicitaires a sa propre politique de confidentialit\u00e9 pour ses politiques sur les donn\u00e9es des utilisateurs. Pour un acc\u00e8s plus facile, nous avons \u00e9tabli un lien hypertexte vers leurs politiques de confidentialit\u00e9 ci-dessous.<\/p>\n<ul>\n<li>Google\n<p><a href=\"https:\/\/policies.google.com\/technologies\/ads\" target=\"_blank\" rel=\"noopener\">https:\/\/policies.google.com\/technologies\/ads<\/a><\/li>\n<\/ul>\n<h2><span class=\"ez-toc-section\" id=\"Advertising_Partners_Privacy_Policies\"><\/span>Politiques de confidentialit\u00e9 des partenaires publicitaires<span class=\"ez-toc-section-end\"><\/span><\/h2>\n<p>Vous pouvez consulter cette liste pour trouver la politique de confidentialit\u00e9 de chacun des partenaires publicitaires d&#039;hermagic.<\/p>\n<p>Les serveurs publicitaires ou r\u00e9seaux publicitaires tiers utilisent des technologies telles que les cookies, JavaScript ou les balises Web qui sont utilis\u00e9es dans leurs publicit\u00e9s et liens respectifs qui apparaissent sur hermagic, qui sont envoy\u00e9s directement au navigateur des utilisateurs. Ils re\u00e7oivent automatiquement votre adresse IP lorsque cela se produit. Ces technologies sont utilis\u00e9es pour mesurer l&#039;efficacit\u00e9 de leurs campagnes publicitaires et\/ou pour personnaliser le contenu publicitaire que vous voyez sur les sites Web que vous visitez.<\/p>\n<p>Notez qu&#039;hermagic n&#039;a aucun acc\u00e8s ni aucun contr\u00f4le sur ces cookies qui sont utilis\u00e9s par des annonceurs tiers.<\/p>\n<h2><span class=\"ez-toc-section\" id=\"Third_Party_Privacy_Policies\"><\/span>Politiques de confidentialit\u00e9 des tiers<span class=\"ez-toc-section-end\"><\/span><\/h2>\n<p>La politique de confidentialit\u00e9 d&#039;hermagic ne s&#039;applique pas aux autres annonceurs ou sites Web. Ainsi, nous vous conseillons de consulter les politiques de confidentialit\u00e9 respectives de ces serveurs publicitaires tiers pour des informations plus d\u00e9taill\u00e9es. Il peut inclure leurs pratiques et instructions sur la fa\u00e7on de se retirer de certaines options.<\/p>\n<p>Vous pouvez choisir de d\u00e9sactiver les cookies via les options de votre navigateur. Pour conna\u00eetre des informations plus d\u00e9taill\u00e9es sur la gestion des cookies avec des navigateurs Web sp\u00e9cifiques, vous pouvez les trouver sur les sites Web respectifs des navigateurs.<\/p>\n<h2><span class=\"ez-toc-section\" id=\"CCPA_Privacy_Rights_Do_Not_Sell_My_Personal_Information\"><\/span>Droits de confidentialit\u00e9 CCPA (Ne vendez pas mes informations personnelles)<span class=\"ez-toc-section-end\"><\/span><\/h2>\n<p>En vertu du CCPA, entre autres droits, les consommateurs californiens ont le droit de\u00a0:<\/p>\n<p>Demander qu&#039;une entreprise qui collecte les donn\u00e9es personnelles d&#039;un consommateur divulgue les cat\u00e9gories et les \u00e9l\u00e9ments sp\u00e9cifiques de donn\u00e9es personnelles qu&#039;une entreprise a collect\u00e9es sur les consommateurs.<\/p>\n<p>Demander qu&#039;une entreprise supprime toutes les donn\u00e9es personnelles sur le consommateur qu&#039;une entreprise a collect\u00e9es.<\/p>\n<p>Demander qu&#039;une entreprise qui vend les donn\u00e9es personnelles d&#039;un consommateur ne vende pas les donn\u00e9es personnelles du consommateur.<\/p>\n<p>Si vous faites une demande, nous avons un mois pour vous r\u00e9pondre. Si vous souhaitez exercer l&#039;un de ces droits, veuillez nous contacter.<\/p>\n<h2><span class=\"ez-toc-section\" id=\"GDPR_Data_Protection_Rights\"><\/span>Droits de protection des donn\u00e9es GDPR<span class=\"ez-toc-section-end\"><\/span><\/h2>\n<p>Nous souhaitons nous assurer que vous \u00eates pleinement conscient de tous vos droits en mati\u00e8re de protection des donn\u00e9es. Chaque utilisateur a droit \u00e0 ce qui suit\u00a0:<\/p>\n<p>Le droit d&#039;acc\u00e8s \u2013 Vous avez le droit de demander des copies de vos donn\u00e9es personnelles. Nous pouvons vous facturer une somme modique pour ce service.<\/p>\n<p>Le droit de rectification \u2013 Vous avez le droit de nous demander de corriger toute information que vous jugez inexacte. Vous avez \u00e9galement le droit de nous demander de compl\u00e9ter les informations que vous jugez incompl\u00e8tes.<\/p>\n<p>Le droit \u00e0 l&#039;effacement \u2013 Vous avez le droit de nous demander d&#039;effacer vos donn\u00e9es personnelles, sous certaines conditions.<\/p>\n<p>Le droit de restreindre le traitement \u2013 Vous avez le droit de nous demander de restreindre le traitement de vos donn\u00e9es personnelles, sous certaines conditions.<\/p>\n<p>Le droit de vous opposer au traitement \u2013 Vous avez le droit de vous opposer \u00e0 notre traitement de vos donn\u00e9es personnelles, sous certaines conditions.<\/p>\n<p>Le droit \u00e0 la portabilit\u00e9 des donn\u00e9es \u2013 Vous avez le droit de nous demander de transf\u00e9rer les donn\u00e9es que nous avons collect\u00e9es \u00e0 une autre organisation, ou directement \u00e0 vous, sous certaines conditions.<\/p>\n<p>Si vous faites une demande, nous avons un mois pour vous r\u00e9pondre. Si vous souhaitez exercer l&#039;un de ces droits, veuillez nous contacter.<\/p>\n<h2><span class=\"ez-toc-section\" id=\"Childrens_Information\"><\/span>Informations sur les enfants<span class=\"ez-toc-section-end\"><\/span><\/h2>\n<p>Une autre partie de notre priorit\u00e9 est d&#039;ajouter une protection pour les enfants lors de l&#039;utilisation d&#039;Internet. Nous encourageons les parents et les tuteurs \u00e0 observer, participer et\/ou surveiller et guider leur activit\u00e9 en ligne.<\/p>\n<p>hermagic ne collecte sciemment aucune information personnelle identifiable d&#039;enfants de moins de 13 ans. Si vous pensez que votre enfant a fourni ce type d&#039;informations sur notre site Web, nous vous encourageons fortement \u00e0 nous contacter imm\u00e9diatement et nous ferons de notre mieux pour supprimer rapidement ces informations de nos dossiers.<\/p>","protected":false},"excerpt":{"rendered":"<p>At hermagic, accessible from https:\/\/hermagic.com\/, one of our main priorities is the privacy of our visitors. This Privacy Policy document contains types of information that are collected and recorded by hermagic and how we use it. If you have additional questions or require more information about our Privacy Policy, do not hesitate to contact us. [&hellip;]<\/p>","protected":false},"author":1,"featured_media":0,"parent":0,"menu_order":0,"comment_status":"closed","ping_status":"closed","template":"","meta":{"footnotes":""},"class_list":["post-6972","page","type-page","status-publish","hentry"],"_links":{"self":[{"href":"https:\/\/test2.hermagic.com\/fr_fr\/wp-json\/wp\/v2\/pages\/6972","targetHints":{"allow":["GET"]}}],"collection":[{"href":"https:\/\/test2.hermagic.com\/fr_fr\/wp-json\/wp\/v2\/pages"}],"about":[{"href":"https:\/\/test2.hermagic.com\/fr_fr\/wp-json\/wp\/v2\/types\/page"}],"author":[{"embeddable":true,"href":"https:\/\/test2.hermagic.com\/fr_fr\/wp-json\/wp\/v2\/users\/1"}],"replies":[{"embeddable":true,"href":"https:\/\/test2.hermagic.com\/fr_fr\/wp-json\/wp\/v2\/comments?post=6972"}],"version-history":[{"count":0,"href":"https:\/\/test2.hermagic.com\/fr_fr\/wp-json\/wp\/v2\/pages\/6972\/revisions"}],"wp:attachment":[{"href":"https:\/\/test2.hermagic.com\/fr_fr\/wp-json\/wp\/v2\/media?parent=6972"}],"curies":[{"name":"wp","href":"https:\/\/api.w.org\/{rel}","templated":true}]}}