{"id":7265,"date":"2022-10-07T11:01:27","date_gmt":"2022-10-07T05:31:27","guid":{"rendered":"https:\/\/hermagic.com\/?page_id=7265"},"modified":"2023-03-28T13:53:09","modified_gmt":"2023-03-28T08:23:09","slug":"cookie-policy","status":"publish","type":"page","link":"https:\/\/test2.hermagic.com\/it\/cookie-policy\/","title":{"rendered":"Gestione dei Cookie"},"content":{"rendered":"<p>Questa \u00e8 la Cookie Policy per HerMagic, accessibile da hermagic.com<\/p>\n<p><strong>Cosa sono i cookie<\/strong><\/p>\n<p>Come \u00e8 pratica comune con quasi tutti i siti Web professionali, questo sito utilizza i cookie, che sono piccoli file che vengono scaricati sul tuo computer, per migliorare la tua esperienza. Questa pagina descrive quali informazioni raccolgono, come le usiamo e perch\u00e9 a volte abbiamo bisogno di memorizzare questi cookie. Condivideremo anche come impedire la memorizzazione di questi cookie, tuttavia ci\u00f2 potrebbe ridurre o &quot;interrompere&quot; alcuni elementi della funzionalit\u00e0 dei siti.<\/p>\n<p><strong>Come utilizziamo i cookie<\/strong><\/p>\n<p>Utilizziamo i cookie per una serie di motivi descritti di seguito. Sfortunatamente nella maggior parte dei casi non ci sono opzioni standard del settore per disabilitare i cookie senza disabilitare completamente la funzionalit\u00e0 e le caratteristiche che aggiungono a questo sito. Si consiglia di lasciare attivi tutti i cookie se non si \u00e8 sicuri di averne bisogno o meno nel caso in cui vengano utilizzati per fornire un servizio che si utilizza.<\/p>\n<p><strong>Disattivazione dei cookie<\/strong><\/p>\n<p>\u00c8 possibile impedire l&#039;impostazione dei cookie modificando le impostazioni del browser (consultare la Guida del browser per sapere come farlo). Tieni presente che la disabilitazione dei cookie influir\u00e0 sulla funzionalit\u00e0 di questo e di molti altri siti Web che visiti. La disabilitazione dei cookie di solito comporta anche la disabilitazione di alcune funzionalit\u00e0 e caratteristiche di questo sito. Pertanto si consiglia di non disabilitare i cookie.<\/p>\n<p><strong>I cookie che impostiamo<\/strong><\/p>\n<ul>\n<li>Cookie relativi alle newsletter via e-mail Questo sito offre servizi di iscrizione a newsletter o e-mail e i cookie possono essere utilizzati per ricordare se sei gi\u00e0 registrato e se mostrare determinate notifiche che potrebbero essere valide solo per gli utenti iscritti\/non iscritti.<\/li>\n<\/ul>\n<p><strong>Cookie di terze parti<\/strong><\/p>\n<p>In alcuni casi particolari utilizziamo anche cookie forniti da terze parti di fiducia. La sezione seguente descrive in dettaglio quali cookie di terze parti potresti incontrare attraverso questo sito.<\/p>\n<ul>\n<li>Questo sito utilizza Google Analytics, una delle soluzioni di analisi pi\u00f9 diffuse e affidabili sul Web per aiutarci a capire come utilizzi il sito e i modi in cui possiamo migliorare la tua esperienza. Questi cookie possono tenere traccia di cose come quanto tempo trascorri sul sito e le pagine che visiti in modo che possiamo continuare a produrre contenuti accattivanti. Per ulteriori informazioni sui cookie di Google Analytics, consulta la pagina ufficiale di Google Analytics.<\/li>\n<li>Di tanto in tanto testiamo nuove funzionalit\u00e0 e apportiamo sottili modifiche al modo in cui il sito viene fornito. Quando stiamo ancora testando nuove funzionalit\u00e0, questi cookie possono essere utilizzati per assicurarti di ricevere un&#039;esperienza coerente mentre sei sul sito, assicurandoci al contempo di capire quali ottimizzazioni i nostri utenti apprezzano di pi\u00f9.<\/li>\n<li>Poich\u00e9 vendiamo prodotti, \u00e8 importante per noi comprendere le statistiche su quanti visitatori del nostro sito effettuano effettivamente un acquisto e, pertanto, questo \u00e8 il tipo di dati che questi cookie tracceranno. Questo \u00e8 importante per te in quanto significa che possiamo fare previsioni aziendali accurate che ci consentono di monitorare i nostri costi pubblicitari e di prodotto per garantire il miglior prezzo possibile.<\/li>\n<li>Il servizio Google AdSense che utilizziamo per pubblicare pubblicit\u00e0 utilizza un cookie DoubleClick per pubblicare annunci pi\u00f9 pertinenti sul Web e limitare il numero di volte in cui ti viene mostrato un determinato annuncio. Per ulteriori informazioni su Google AdSense, consulta le domande frequenti sulla privacy di Google AdSense.<\/li>\n<li>Diversi partner fanno pubblicit\u00e0 per nostro conto e i cookie di tracciamento degli affiliati ci consentono semplicemente di vedere se i nostri clienti sono giunti sul sito tramite uno dei nostri siti partner in modo da poterli accreditare in modo appropriato e, ove applicabile, consentire ai nostri partner affiliati di fornire qualsiasi bonus che potrebbero fornirti per effettuare un acquisto.<\/li>\n<li>Utilizziamo anche pulsanti e\/o plug-in dei social media su questo sito che ti consentono di connetterti con il tuo social network in vari modi. Affinch\u00e9 questi funzionino i seguenti siti di social media tra cui; {Elencare i social network di cui hai integrato le funzionalit\u00e0 con il tuo sito?:12}, imposter\u00e0 cookie attraverso il nostro sito che potrebbero essere utilizzati per migliorare il tuo profilo sul loro sito o contribuire ai dati in loro possesso per vari scopi descritti nelle rispettive privacy politiche.<\/li>\n<\/ul>\n<p><strong>Maggiori informazioni<\/strong><\/p>\n<p>Speriamo che questo ti abbia chiarito le cose e, come accennato in precedenza, se c&#039;\u00e8 qualcosa di cui non sei sicuro di aver bisogno o meno, di solito \u00e8 pi\u00f9 sicuro lasciare i cookie abilitati nel caso in cui interagisca con una delle funzionalit\u00e0 che utilizzi sul nostro sito.<\/p>\n<p>Tuttavia, se stai ancora cercando ulteriori informazioni, puoi contattarci tramite uno dei nostri metodi di contatto preferiti:<\/p>\n<ul>\n<li>E-mail: hello@hermagic.com<\/li>\n<\/ul>","protected":false},"excerpt":{"rendered":"<p>This is the Cookie Policy for HerMagic, accessible from hermagic.com What Are Cookies As is common practice with almost all professional websites this site uses cookies, which are tiny files that are downloaded to your computer, to improve your experience. This page describes what information they gather, how we use it and why we sometimes [&hellip;]<\/p>","protected":false},"author":1,"featured_media":0,"parent":0,"menu_order":0,"comment_status":"closed","ping_status":"closed","template":"","meta":{"footnotes":""},"class_list":["post-7265","page","type-page","status-publish","hentry"],"_links":{"self":[{"href":"https:\/\/test2.hermagic.com\/it\/wp-json\/wp\/v2\/pages\/7265","targetHints":{"allow":["GET"]}}],"collection":[{"href":"https:\/\/test2.hermagic.com\/it\/wp-json\/wp\/v2\/pages"}],"about":[{"href":"https:\/\/test2.hermagic.com\/it\/wp-json\/wp\/v2\/types\/page"}],"author":[{"embeddable":true,"href":"https:\/\/test2.hermagic.com\/it\/wp-json\/wp\/v2\/users\/1"}],"replies":[{"embeddable":true,"href":"https:\/\/test2.hermagic.com\/it\/wp-json\/wp\/v2\/comments?post=7265"}],"version-history":[{"count":0,"href":"https:\/\/test2.hermagic.com\/it\/wp-json\/wp\/v2\/pages\/7265\/revisions"}],"wp:attachment":[{"href":"https:\/\/test2.hermagic.com\/it\/wp-json\/wp\/v2\/media?parent=7265"}],"curies":[{"name":"wp","href":"https:\/\/api.w.org\/{rel}","templated":true}]}}