{"id":7268,"date":"2022-10-07T11:07:56","date_gmt":"2022-10-07T05:37:56","guid":{"rendered":"https:\/\/hermagic.com\/?page_id=7268"},"modified":"2023-03-28T13:53:19","modified_gmt":"2023-03-28T08:23:19","slug":"affiliate-policy","status":"publish","type":"page","link":"https:\/\/test2.hermagic.com\/it\/affiliate-policy\/","title":{"rendered":"Politica di affiliazione"},"content":{"rendered":"<p>A <a href=\"https:\/\/hermagic.com\/\" target=\"_blank\" rel=\"noopener\">La sua magia<\/a> troverai link per acquistare prodotti da Amazon e altri partner. Se fai clic su questi link, a volte scoprirai che l&#039;URL include una piccola parte di testo aggiuntiva che identifica che il clic proviene dal nostro sito web. Questo testo \u00e8 un codice di affiliazione e significa che riceviamo una piccola percentuale del denaro che spendi se scegli di acquistare quel prodotto; o, in alcuni casi, altri prodotti dal sito subito dopo.<\/p>\n<p>Questi link di affiliazione aiutano a pagare i costi di produzione di questo sito Web e garantiscono che il contenuto sia gratuito per te. Tuttavia, ci\u00f2 non significa che siamo in alcun modo in debito con Amazon o qualsiasi altra societ\u00e0. N\u00e9 l&#039;azienda ha alcuna influenza sulla copertura editoriale, sui prodotti che pubblichiamo, su come valutiamo i prodotti, n\u00e9 su quali prodotti vengono recensiti positivamente. Il nostro contenuto editoriale \u00e8 completamente imparziale e basato su test e ricerche approfondite. Sebbene il nostro team editoriale sia spesso responsabile dell&#039;inserimento dei link nelle pagine, le loro recensioni e raccomandazioni sono completamente indipendenti dal punto di vista editoriale e non vi \u00e8 alcun incentivo a consigliare prodotti scadenti.<\/p>\n<p>Per ulteriori informazioni, consultare il nostro\u00a0<a href=\"https:\/\/hermagic.com\/privacy-policy\" target=\"_blank\" rel=\"noopener\">politica sulla riservatezza<\/a>\u00a0E\u00a0<a href=\"https:\/\/hermagic.com\/cookie-policy\" target=\"_blank\" rel=\"noopener\">Gestione dei Cookie<\/a>.<\/p>","protected":false},"excerpt":{"rendered":"<p>At Her Magic you\u2019ll find links to buy products from Amazon and other partners. If you click on these links, you\u2019ll sometimes find that the URL includes a small extra piece of text that identifies that the click came from our website. This text is an affiliate code, and it means we receive a small [&hellip;]<\/p>","protected":false},"author":1,"featured_media":0,"parent":0,"menu_order":0,"comment_status":"closed","ping_status":"closed","template":"","meta":{"footnotes":""},"class_list":["post-7268","page","type-page","status-publish","hentry"],"_links":{"self":[{"href":"https:\/\/test2.hermagic.com\/it\/wp-json\/wp\/v2\/pages\/7268","targetHints":{"allow":["GET"]}}],"collection":[{"href":"https:\/\/test2.hermagic.com\/it\/wp-json\/wp\/v2\/pages"}],"about":[{"href":"https:\/\/test2.hermagic.com\/it\/wp-json\/wp\/v2\/types\/page"}],"author":[{"embeddable":true,"href":"https:\/\/test2.hermagic.com\/it\/wp-json\/wp\/v2\/users\/1"}],"replies":[{"embeddable":true,"href":"https:\/\/test2.hermagic.com\/it\/wp-json\/wp\/v2\/comments?post=7268"}],"version-history":[{"count":0,"href":"https:\/\/test2.hermagic.com\/it\/wp-json\/wp\/v2\/pages\/7268\/revisions"}],"wp:attachment":[{"href":"https:\/\/test2.hermagic.com\/it\/wp-json\/wp\/v2\/media?parent=7268"}],"curies":[{"name":"wp","href":"https:\/\/api.w.org\/{rel}","templated":true}]}}