{"id":7265,"date":"2022-10-07T11:01:27","date_gmt":"2022-10-07T05:31:27","guid":{"rendered":"https:\/\/hermagic.com\/?page_id=7265"},"modified":"2023-03-28T13:53:09","modified_gmt":"2023-03-28T08:23:09","slug":"cookie-policy","status":"publish","type":"page","link":"https:\/\/test2.hermagic.com\/pl\/cookie-policy\/","title":{"rendered":"Polityka Cookie"},"content":{"rendered":"<p>To jest Polityka plik\u00f3w cookie dla HerMagic, dost\u0119pna na stronie hermagic.com<\/p>\n<p><strong>Czym s\u0105 pliki cookie<\/strong><\/p>\n<p>Zgodnie z powszechn\u0105 praktyk\u0105 w przypadku prawie wszystkich profesjonalnych witryn internetowych, ta witryna wykorzystuje pliki cookie, kt\u00f3re s\u0105 ma\u0142ymi plikami pobieranymi na Tw\u00f3j komputer, aby poprawi\u0107 Twoje wra\u017cenia. Na tej stronie opisano, jakie informacje zbieraj\u0105, jak je wykorzystujemy i dlaczego czasami musimy przechowywa\u0107 te pliki cookie. Udost\u0119pnimy r\u00f3wnie\u017c, w jaki spos\u00f3b mo\u017cna zapobiec przechowywaniu tych plik\u00f3w cookie, jednak mo\u017ce to obni\u017cy\u0107 lub \u201ezepsu\u0107\u201d niekt\u00f3re elementy funkcjonalno\u015bci witryn.<\/p>\n<p><strong>Jak u\u017cywamy plik\u00f3w cookie<\/strong><\/p>\n<p>U\u017cywamy plik\u00f3w cookie z r\u00f3\u017cnych powod\u00f3w wyszczeg\u00f3lnionych poni\u017cej. Niestety w wi\u0119kszo\u015bci przypadk\u00f3w nie ma standardowych bran\u017cowych opcji wy\u0142\u0105czania plik\u00f3w cookie bez ca\u0142kowitego wy\u0142\u0105czania funkcjonalno\u015bci i funkcji dodawanych do tej witryny. Zaleca si\u0119 pozostawienie wszystkich plik\u00f3w cookie, je\u015bli nie jeste\u015b pewien, czy ich potrzebujesz, czy nie w przypadku, gdy s\u0105 one wykorzystywane do \u015bwiadczenia us\u0142ugi, z kt\u00f3rej korzystasz.<\/p>\n<p><strong>Wy\u0142\u0105czanie plik\u00f3w cookie<\/strong><\/p>\n<p>Mo\u017cesz zapobiec ustawianiu plik\u00f3w cookie, dostosowuj\u0105c ustawienia w swojej przegl\u0105darce (zobacz Pomoc przegl\u0105darki, aby dowiedzie\u0107 si\u0119, jak to zrobi\u0107). Pami\u0119taj, \u017ce wy\u0142\u0105czenie plik\u00f3w cookie wp\u0142ynie na funkcjonalno\u015b\u0107 tej i wielu innych witryn, kt\u00f3re odwiedzasz. Wy\u0142\u0105czenie plik\u00f3w cookie zwykle skutkuje r\u00f3wnie\u017c wy\u0142\u0105czeniem niekt\u00f3rych funkcji i funkcji tej witryny. Dlatego zaleca si\u0119, aby nie wy\u0142\u0105cza\u0107 plik\u00f3w cookie.<\/p>\n<p><strong>Pliki cookie, kt\u00f3re ustawiamy<\/strong><\/p>\n<ul>\n<li>Pliki cookie zwi\u0105zane z biuletynami e-mail Ta strona oferuje us\u0142ugi subskrypcji biuletyn\u00f3w lub e-maili, a pliki cookie mog\u0105 by\u0107 u\u017cywane do zapami\u0119tywania, czy jeste\u015b ju\u017c zarejestrowany i czy wy\u015bwietla\u0107 okre\u015blone powiadomienia, kt\u00f3re mog\u0105 by\u0107 wa\u017cne tylko dla subskrybowanych\/niesubskrybowanych u\u017cytkownik\u00f3w.<\/li>\n<\/ul>\n<p><strong>Pliki cookie stron trzecich<\/strong><\/p>\n<p>W niekt\u00f3rych szczeg\u00f3lnych przypadkach u\u017cywamy r\u00f3wnie\u017c plik\u00f3w cookie dostarczanych przez zaufane strony trzecie. Poni\u017csza sekcja zawiera szczeg\u00f3\u0142owe informacje na temat plik\u00f3w cookie stron trzecich, kt\u00f3re mo\u017cesz napotka\u0107 za po\u015brednictwem tej witryny.<\/p>\n<ul>\n<li>Ta strona korzysta z Google Analytics, kt\u00f3re jest jednym z najbardziej rozpowszechnionych i zaufanych rozwi\u0105za\u0144 analitycznych w sieci, kt\u00f3re pomaga nam zrozumie\u0107, w jaki spos\u00f3b korzystasz z witryny i jak mo\u017cemy poprawi\u0107 Twoje wra\u017cenia. Te pliki cookie mog\u0105 \u015bledzi\u0107 takie rzeczy, jak czas sp\u0119dzony w witrynie i odwiedzane strony, dzi\u0119ki czemu mo\u017cemy nadal tworzy\u0107 atrakcyjne tre\u015bci. Wi\u0119cej informacji na temat plik\u00f3w cookie Google Analytics mo\u017cna znale\u017a\u0107 na oficjalnej stronie Google Analytics.<\/li>\n<li>Od czasu do czasu testujemy nowe funkcje i wprowadzamy subtelne zmiany w sposobie dostarczania witryny. Kiedy wci\u0105\u017c testujemy nowe funkcje, te pliki cookie mog\u0105 by\u0107 u\u017cywane w celu zapewnienia sp\u00f3jnego korzystania z witryny, a jednocze\u015bnie upewnienia si\u0119, \u017ce rozumiemy, kt\u00f3re optymalizacje nasi u\u017cytkownicy ceni\u0105 sobie najbardziej.<\/li>\n<li>Poniewa\u017c sprzedajemy produkty, wa\u017cne jest dla nas zrozumienie statystyk dotycz\u0105cych liczby os\u00f3b odwiedzaj\u0105cych nasz\u0105 witryn\u0119, kt\u00f3re faktycznie dokonuj\u0105 zakupu, i jako takie s\u0105 to dane, kt\u00f3re b\u0119d\u0105 \u015bledzone przez te pliki cookie. Jest to dla Ciebie wa\u017cne, poniewa\u017c oznacza, \u017ce mo\u017cemy dok\u0142adnie prognozowa\u0107 biznes, co pozwala nam monitorowa\u0107 koszty naszych reklam i produkt\u00f3w, aby zapewni\u0107 najlepsz\u0105 mo\u017cliw\u0105 cen\u0119.<\/li>\n<li>Us\u0142uga Google AdSense, kt\u00f3rej u\u017cywamy do wy\u015bwietlania reklam, wykorzystuje plik cookie DoubleClick, aby wy\u015bwietla\u0107 trafniejsze reklamy w Internecie i ogranicza\u0107 liczb\u0119 wy\u015bwietle\u0144 danej reklamy. Wi\u0119cej informacji na temat Google AdSense mo\u017cna znale\u017a\u0107 w oficjalnych cz\u0119sto zadawanych pytaniach dotycz\u0105cych prywatno\u015bci Google AdSense.<\/li>\n<li>Kilku partner\u00f3w reklamuje si\u0119 w naszym imieniu, a \u015bledz\u0105ce pliki cookie podmiot\u00f3w stowarzyszonych pozwalaj\u0105 nam po prostu sprawdzi\u0107, czy nasi klienci odwiedzili witryn\u0119 za po\u015brednictwem jednej z naszych witryn partnerskich, aby\u015bmy mogli odpowiednio je zaksi\u0119gowa\u0107 i, w stosownych przypadkach, umo\u017cliwi\u0107 naszym partnerom stowarzyszonym zapewnienie wszelkich premii, jakie mog\u0105 zapewni\u0107 Pa\u0144stwu dokonanie zakupu.<\/li>\n<li>Na tej stronie u\u017cywamy r\u00f3wnie\u017c przycisk\u00f3w i\/lub wtyczek medi\u00f3w spo\u0142eczno\u015bciowych, kt\u00f3re umo\u017cliwiaj\u0105 \u0142\u0105czenie si\u0119 z sieci\u0105 spo\u0142eczno\u015bciow\u0105 na r\u00f3\u017cne sposoby. Aby dzia\u0142a\u0142y, nast\u0119puj\u0105ce serwisy spo\u0142eczno\u015bciowe, w tym; {List the social networks, kt\u00f3rych funkcje zosta\u0142y zintegrowane z Twoj\u0105 witryn\u0105?:12}, ustawi pliki cookie za po\u015brednictwem naszej witryny, kt\u00f3re mog\u0105 zosta\u0107 wykorzystane do ulepszenia Twojego profilu na ich stronie lub przyczynienia si\u0119 do przechowywania danych do r\u00f3\u017cnych cel\u00f3w okre\u015blonych w ich odpowiednich zasadach prywatno\u015bci zasady.<\/li>\n<\/ul>\n<p><strong>Wi\u0119cej informacji<\/strong><\/p>\n<p>Mamy nadziej\u0119, \u017ce to wyja\u015bni\u0142o Ci spraw\u0119 i jak wspomniano wcze\u015bniej, je\u015bli jest co\u015b, czego nie jeste\u015b pewien, czy potrzebujesz, czy nie, zwykle bezpieczniej jest pozostawi\u0107 w\u0142\u0105czon\u0105 obs\u0142ug\u0119 plik\u00f3w cookie na wypadek, gdyby wchodzi\u0142a w interakcj\u0119 z jedn\u0105 z funkcji u\u017cywanych w naszej witrynie.<\/p>\n<p>Je\u015bli jednak nadal szukasz wi\u0119cej informacji, mo\u017cesz skontaktowa\u0107 si\u0119 z nami za pomoc\u0105 jednej z naszych preferowanych metod kontaktu:<\/p>\n<ul>\n<li>E-mail: hello@hermagic.com<\/li>\n<\/ul>","protected":false},"excerpt":{"rendered":"<p>This is the Cookie Policy for HerMagic, accessible from hermagic.com What Are Cookies As is common practice with almost all professional websites this site uses cookies, which are tiny files that are downloaded to your computer, to improve your experience. This page describes what information they gather, how we use it and why we sometimes [&hellip;]<\/p>","protected":false},"author":1,"featured_media":0,"parent":0,"menu_order":0,"comment_status":"closed","ping_status":"closed","template":"","meta":{"footnotes":""},"class_list":["post-7265","page","type-page","status-publish","hentry"],"_links":{"self":[{"href":"https:\/\/test2.hermagic.com\/pl\/wp-json\/wp\/v2\/pages\/7265","targetHints":{"allow":["GET"]}}],"collection":[{"href":"https:\/\/test2.hermagic.com\/pl\/wp-json\/wp\/v2\/pages"}],"about":[{"href":"https:\/\/test2.hermagic.com\/pl\/wp-json\/wp\/v2\/types\/page"}],"author":[{"embeddable":true,"href":"https:\/\/test2.hermagic.com\/pl\/wp-json\/wp\/v2\/users\/1"}],"replies":[{"embeddable":true,"href":"https:\/\/test2.hermagic.com\/pl\/wp-json\/wp\/v2\/comments?post=7265"}],"version-history":[{"count":0,"href":"https:\/\/test2.hermagic.com\/pl\/wp-json\/wp\/v2\/pages\/7265\/revisions"}],"wp:attachment":[{"href":"https:\/\/test2.hermagic.com\/pl\/wp-json\/wp\/v2\/media?parent=7265"}],"curies":[{"name":"wp","href":"https:\/\/api.w.org\/{rel}","templated":true}]}}