{"id":7268,"date":"2022-10-07T11:07:56","date_gmt":"2022-10-07T05:37:56","guid":{"rendered":"https:\/\/hermagic.com\/?page_id=7268"},"modified":"2023-03-28T13:53:19","modified_gmt":"2023-03-28T08:23:19","slug":"affiliate-policy","status":"publish","type":"page","link":"https:\/\/test2.hermagic.com\/pl\/affiliate-policy\/","title":{"rendered":"Polityka partnerska"},"content":{"rendered":"<p>Na <a href=\"https:\/\/hermagic.com\/\" target=\"_blank\" rel=\"noopener\">Jej magia<\/a> znajdziesz linki do kupowania produkt\u00f3w od Amazon i innych partner\u00f3w. Je\u015bli klikniesz te linki, czasami oka\u017ce si\u0119, \u017ce adres URL zawiera ma\u0142y dodatkowy fragment tekstu, kt\u00f3ry wskazuje, \u017ce klikni\u0119cie pochodzi z naszej witryny. Ten tekst jest kodem partnerskim i oznacza, \u017ce otrzymamy niewielki procent pieni\u0119dzy, kt\u00f3re wydasz, je\u015bli zdecydujesz si\u0119 na zakup tego produktu; lub, w niekt\u00f3rych przypadkach, wkr\u00f3tce potem inne produkty ze strony.<\/p>\n<p>Te linki partnerskie pomagaj\u0105 pokry\u0107 koszty tworzenia tej witryny i zapewniaj\u0105, \u017ce tre\u015b\u0107 jest dla Ciebie bezp\u0142atna. Nie oznacza to jednak, \u017ce jeste\u015bmy w jakikolwiek spos\u00f3b d\u0142u\u017cni Amazonowi lub jakiejkolwiek innej firmie. Firma nie ma r\u00f3wnie\u017c \u017cadnego wp\u0142ywu na artyku\u0142y redakcyjne, jakie produkty publikujemy, jak oceniamy produkty ani jakie produkty s\u0105 pozytywnie oceniane. Nasze tre\u015bci redakcyjne s\u0105 ca\u0142kowicie bezstronne i oparte na szeroko zakrojonych testach i badaniach. Chocia\u017c nasz zesp\u00f3\u0142 redakcyjny jest cz\u0119sto odpowiedzialny za wstawianie link\u00f3w na stronach, ich recenzje i rekomendacje s\u0105 ca\u0142kowicie niezale\u017cne redakcyjnie i nie ma zach\u0119ty do polecania z\u0142ych produkt\u00f3w.<\/p>\n<p>Aby uzyska\u0107 wi\u0119cej informacji, zobacz nasze\u00a0<a href=\"https:\/\/hermagic.com\/privacy-policy\" target=\"_blank\" rel=\"noopener\">Polityka prywatno\u015bci<\/a>\u00a0I\u00a0<a href=\"https:\/\/hermagic.com\/cookie-policy\" target=\"_blank\" rel=\"noopener\">Polityka Cookie<\/a>.<\/p>","protected":false},"excerpt":{"rendered":"<p>At Her Magic you\u2019ll find links to buy products from Amazon and other partners. If you click on these links, you\u2019ll sometimes find that the URL includes a small extra piece of text that identifies that the click came from our website. This text is an affiliate code, and it means we receive a small [&hellip;]<\/p>","protected":false},"author":1,"featured_media":0,"parent":0,"menu_order":0,"comment_status":"closed","ping_status":"closed","template":"","meta":{"footnotes":""},"class_list":["post-7268","page","type-page","status-publish","hentry"],"_links":{"self":[{"href":"https:\/\/test2.hermagic.com\/pl\/wp-json\/wp\/v2\/pages\/7268","targetHints":{"allow":["GET"]}}],"collection":[{"href":"https:\/\/test2.hermagic.com\/pl\/wp-json\/wp\/v2\/pages"}],"about":[{"href":"https:\/\/test2.hermagic.com\/pl\/wp-json\/wp\/v2\/types\/page"}],"author":[{"embeddable":true,"href":"https:\/\/test2.hermagic.com\/pl\/wp-json\/wp\/v2\/users\/1"}],"replies":[{"embeddable":true,"href":"https:\/\/test2.hermagic.com\/pl\/wp-json\/wp\/v2\/comments?post=7268"}],"version-history":[{"count":0,"href":"https:\/\/test2.hermagic.com\/pl\/wp-json\/wp\/v2\/pages\/7268\/revisions"}],"wp:attachment":[{"href":"https:\/\/test2.hermagic.com\/pl\/wp-json\/wp\/v2\/media?parent=7268"}],"curies":[{"name":"wp","href":"https:\/\/api.w.org\/{rel}","templated":true}]}}