{"id":6972,"date":"2022-09-29T05:28:57","date_gmt":"2022-09-29T05:28:57","guid":{"rendered":"https:\/\/hermagic.com\/?page_id=6972"},"modified":"2022-09-29T05:28:57","modified_gmt":"2022-09-29T05:28:57","slug":"privacy-policy","status":"publish","type":"page","link":"https:\/\/test2.hermagic.com\/pt\/privacy-policy\/","title":{"rendered":"pol\u00edtica de Privacidade"},"content":{"rendered":"<p>Na hermagic, acess\u00edvel em https:\/\/hermagic.com\/, uma das nossas principais prioridades \u00e9 a privacidade dos nossos visitantes. Este documento da Pol\u00edtica de Privacidade cont\u00e9m tipos de informa\u00e7\u00f5es que s\u00e3o coletadas e registradas pela hermagic e como as usamos.<\/p>\n<p>Se voc\u00ea tiver d\u00favidas adicionais ou precisar de mais informa\u00e7\u00f5es sobre nossa Pol\u00edtica de Privacidade, n\u00e3o hesite em nos contatar.<\/p>\n<p>Esta Pol\u00edtica de Privacidade aplica-se apenas \u00e0s nossas atividades online e \u00e9 v\u00e1lida para os visitantes do nosso site no que diz respeito \u00e0s informa\u00e7\u00f5es que partilharam e\/ou recolheram na hermagic. Esta pol\u00edtica n\u00e3o se aplica a nenhuma informa\u00e7\u00e3o coletada offline ou por meio de outros canais que n\u00e3o este site.<\/p>\n<div id=\"ez-toc-container\" class=\"ez-toc-v2_0_46 counter-hierarchy ez-toc-counter ez-toc-grey ez-toc-container-direction\">\n<div class=\"ez-toc-title-container\">\n<p class=\"ez-toc-title\">Table of Contents<\/p>\n<span class=\"ez-toc-title-toggle\"><a href=\"#\" class=\"ez-toc-pull-right ez-toc-btn ez-toc-btn-xs ez-toc-btn-default ez-toc-toggle\" aria-label=\"ez-toc-toggle-icon-1\"><label for=\"item-69d730fc7507a\" aria-label=\"Table of Content\"><span style=\"display: flex;align-items: center;width: 35px;height: 30px;justify-content: center;direction:ltr;\"><svg style=\"fill: #999;color:#999\" xmlns=\"http:\/\/www.w3.org\/2000\/svg\" class=\"list-377408\" width=\"20px\" height=\"20px\" viewbox=\"0 0 24 24\" fill=\"none\"><path d=\"M6 6H4v2h2V6zm14 0H8v2h12V6zM4 11h2v2H4v-2zm16 0H8v2h12v-2zM4 16h2v2H4v-2zm16 0H8v2h12v-2z\" fill=\"currentColor\"><\/path><\/svg><svg style=\"fill: #999;color:#999\" class=\"arrow-unsorted-368013\" xmlns=\"http:\/\/www.w3.org\/2000\/svg\" width=\"10px\" height=\"10px\" viewbox=\"0 0 24 24\" version=\"1.2\" baseprofile=\"tiny\"><path d=\"M18.2 9.3l-6.2-6.3-6.2 6.3c-.2.2-.3.4-.3.7s.1.5.3.7c.2.2.4.3.7.3h11c.3 0 .5-.1.7-.3.2-.2.3-.5.3-.7s-.1-.5-.3-.7zM5.8 14.7l6.2 6.3 6.2-6.3c.2-.2.3-.5.3-.7s-.1-.5-.3-.7c-.2-.2-.4-.3-.7-.3h-11c-.3 0-.5.1-.7.3-.2.2-.3.5-.3.7s.1.5.3.7z\"\/><\/svg><\/span><\/label><input  type=\"checkbox\" id=\"item-69d730fc7507a\"><\/a><\/span><\/div>\n<nav><ul class='ez-toc-list ez-toc-list-level-1' ><li class='ez-toc-page-1 ez-toc-heading-level-2'><a class=\"ez-toc-link ez-toc-heading-1\" href=\"https:\/\/test2.hermagic.com\/pt\/privacy-policy\/#Consent\" title=\"Consentimento\">Consentimento<\/a><\/li><li class='ez-toc-page-1 ez-toc-heading-level-2'><a class=\"ez-toc-link ez-toc-heading-2\" href=\"https:\/\/test2.hermagic.com\/pt\/privacy-policy\/#Information_we_collect\" title=\"Informa\u00e7\u00f5es que coletamos\">Informa\u00e7\u00f5es que coletamos<\/a><\/li><li class='ez-toc-page-1 ez-toc-heading-level-2'><a class=\"ez-toc-link ez-toc-heading-3\" href=\"https:\/\/test2.hermagic.com\/pt\/privacy-policy\/#How_we_use_your_information\" title=\"Como usamos suas informa\u00e7\u00f5es\">Como usamos suas informa\u00e7\u00f5es<\/a><\/li><li class='ez-toc-page-1 ez-toc-heading-level-2'><a class=\"ez-toc-link ez-toc-heading-4\" href=\"https:\/\/test2.hermagic.com\/pt\/privacy-policy\/#Log_Files\" title=\"Arquivos de registro\">Arquivos de registro<\/a><\/li><li class='ez-toc-page-1 ez-toc-heading-level-2'><a class=\"ez-toc-link ez-toc-heading-5\" href=\"https:\/\/test2.hermagic.com\/pt\/privacy-policy\/#Cookies_and_Web_Beacons\" title=\"Cookies e Web Beacons\">Cookies e Web Beacons<\/a><\/li><li class='ez-toc-page-1 ez-toc-heading-level-2'><a class=\"ez-toc-link ez-toc-heading-6\" href=\"https:\/\/test2.hermagic.com\/pt\/privacy-policy\/#Google_DoubleClick_DART_Cookie\" title=\"Cookie DART do Google DoubleClick\">Cookie DART do Google DoubleClick<\/a><\/li><li class='ez-toc-page-1 ez-toc-heading-level-2'><a class=\"ez-toc-link ez-toc-heading-7\" href=\"https:\/\/test2.hermagic.com\/pt\/privacy-policy\/#Our_Advertising_Partners\" title=\"Nossos parceiros de publicidade\">Nossos parceiros de publicidade<\/a><\/li><li class='ez-toc-page-1 ez-toc-heading-level-2'><a class=\"ez-toc-link ez-toc-heading-8\" href=\"https:\/\/test2.hermagic.com\/pt\/privacy-policy\/#Advertising_Partners_Privacy_Policies\" title=\"Pol\u00edticas de privacidade de parceiros de publicidade\">Pol\u00edticas de privacidade de parceiros de publicidade<\/a><\/li><li class='ez-toc-page-1 ez-toc-heading-level-2'><a class=\"ez-toc-link ez-toc-heading-9\" href=\"https:\/\/test2.hermagic.com\/pt\/privacy-policy\/#Third_Party_Privacy_Policies\" title=\"Pol\u00edticas de privacidade de terceiros\">Pol\u00edticas de privacidade de terceiros<\/a><\/li><li class='ez-toc-page-1 ez-toc-heading-level-2'><a class=\"ez-toc-link ez-toc-heading-10\" href=\"https:\/\/test2.hermagic.com\/pt\/privacy-policy\/#CCPA_Privacy_Rights_Do_Not_Sell_My_Personal_Information\" title=\"Direitos de privacidade da CCPA (n\u00e3o venda minhas informa\u00e7\u00f5es pessoais)\">Direitos de privacidade da CCPA (n\u00e3o venda minhas informa\u00e7\u00f5es pessoais)<\/a><\/li><li class='ez-toc-page-1 ez-toc-heading-level-2'><a class=\"ez-toc-link ez-toc-heading-11\" href=\"https:\/\/test2.hermagic.com\/pt\/privacy-policy\/#GDPR_Data_Protection_Rights\" title=\"Direitos de prote\u00e7\u00e3o de dados GDPR\">Direitos de prote\u00e7\u00e3o de dados GDPR<\/a><\/li><li class='ez-toc-page-1 ez-toc-heading-level-2'><a class=\"ez-toc-link ez-toc-heading-12\" href=\"https:\/\/test2.hermagic.com\/pt\/privacy-policy\/#Childrens_Information\" title=\"Informa\u00e7\u00f5es infantis\">Informa\u00e7\u00f5es infantis<\/a><\/li><\/ul><\/nav><\/div>\n<h2><span class=\"ez-toc-section\" id=\"Consent\"><\/span>Consentimento<span class=\"ez-toc-section-end\"><\/span><\/h2>\n<p>Ao usar nosso site, voc\u00ea concorda com nossa Pol\u00edtica de Privacidade e concorda com seus termos.<\/p>\n<h2><span class=\"ez-toc-section\" id=\"Information_we_collect\"><\/span>Informa\u00e7\u00f5es que coletamos<span class=\"ez-toc-section-end\"><\/span><\/h2>\n<p>As informa\u00e7\u00f5es pessoais que lhe s\u00e3o solicitadas e as raz\u00f5es pelas quais voc\u00ea \u00e9 solicitado a fornec\u00ea-las ser\u00e3o esclarecidas no momento em que solicitarmos que voc\u00ea forne\u00e7a suas informa\u00e7\u00f5es pessoais.<\/p>\n<p>Se voc\u00ea entrar em contato conosco diretamente, podemos receber informa\u00e7\u00f5es adicionais sobre voc\u00ea, como seu nome, endere\u00e7o de e-mail, n\u00famero de telefone, o conte\u00fado da mensagem e\/ou anexos que voc\u00ea pode nos enviar e qualquer outra informa\u00e7\u00e3o que voc\u00ea queira fornecer.<\/p>\n<p>Quando voc\u00ea se registra em uma conta, podemos solicitar suas informa\u00e7\u00f5es de contato, incluindo itens como nome, nome da empresa, endere\u00e7o, endere\u00e7o de e-mail e n\u00famero de telefone.<\/p>\n<h2><span class=\"ez-toc-section\" id=\"How_we_use_your_information\"><\/span>Como usamos suas informa\u00e7\u00f5es<span class=\"ez-toc-section-end\"><\/span><\/h2>\n<p>Usamos as informa\u00e7\u00f5es que coletamos de v\u00e1rias maneiras, incluindo:<\/p>\n<ul>\n<li>Fornecer, operar e manter nosso site<\/li>\n<li>Melhorar, personalizar e expandir nosso site<\/li>\n<li>Entender e analisar como voc\u00ea usa nosso site<\/li>\n<li>Desenvolver novos produtos, servi\u00e7os, recursos e funcionalidades<\/li>\n<li>Comunicar-se com voc\u00ea, diretamente ou por meio de um de nossos parceiros, inclusive para atendimento ao cliente, para fornecer atualiza\u00e7\u00f5es e outras informa\u00e7\u00f5es relacionadas ao site e para fins promocionais e de marketing<\/li>\n<li>Enviar e-mails para voc\u00ea<\/li>\n<li>Encontre e evite fraudes<\/li>\n<\/ul>\n<h2><span class=\"ez-toc-section\" id=\"Log_Files\"><\/span>Arquivos de registro<span class=\"ez-toc-section-end\"><\/span><\/h2>\n<p>hermagic segue um procedimento padr\u00e3o de uso de arquivos de log. Esses arquivos registram os visitantes quando visitam sites. Todas as empresas de hospedagem fazem isso e fazem parte da an\u00e1lise dos servi\u00e7os de hospedagem. As informa\u00e7\u00f5es coletadas pelos arquivos de log incluem endere\u00e7os de protocolo da Internet (IP), tipo de navegador, provedor de servi\u00e7os de Internet (ISP), carimbo de data e hora, p\u00e1ginas de refer\u00eancia\/sa\u00edda e, possivelmente, o n\u00famero de cliques. Estes n\u00e3o est\u00e3o vinculados a nenhuma informa\u00e7\u00e3o que seja pessoalmente identific\u00e1vel. O objetivo das informa\u00e7\u00f5es \u00e9 analisar tend\u00eancias, administrar o site, rastrear o movimento dos usu\u00e1rios no site e coletar informa\u00e7\u00f5es demogr\u00e1ficas.<\/p>\n<h2><span class=\"ez-toc-section\" id=\"Cookies_and_Web_Beacons\"><\/span>Cookies e Web Beacons<span class=\"ez-toc-section-end\"><\/span><\/h2>\n<p>Como qualquer outro site, hermagic usa &#039;cookies&#039;. Esses cookies s\u00e3o usados para armazenar informa\u00e7\u00f5es, incluindo as prefer\u00eancias dos visitantes e as p\u00e1ginas do site que o visitante acessou ou visitou. As informa\u00e7\u00f5es s\u00e3o usadas para otimizar a experi\u00eancia dos usu\u00e1rios, personalizando o conte\u00fado de nossa p\u00e1gina da Web com base no tipo de navegador do visitante e\/ou outras informa\u00e7\u00f5es.<\/p>\n<h2><span class=\"ez-toc-section\" id=\"Google_DoubleClick_DART_Cookie\"><\/span>Cookie DART do Google DoubleClick<span class=\"ez-toc-section-end\"><\/span><\/h2>\n<p>O Google \u00e9 um dos fornecedores terceirizados em nosso site. Ele tamb\u00e9m usa cookies, conhecidos como cookies DART, para veicular an\u00fancios aos visitantes de nosso site com base em suas visitas a www.website.com e outros sites na Internet. No entanto, os visitantes podem optar por recusar o uso de cookies DART visitando a pol\u00edtica de privacidade da rede de conte\u00fado e an\u00fancios do Google no seguinte URL \u2013 <a href=\"https:\/\/policies.google.com\/technologies\/ads\" target=\"_blank\" rel=\"noopener\">https:\/\/policies.google.com\/technologies\/ads<\/a><\/p>\n<h2><span class=\"ez-toc-section\" id=\"Our_Advertising_Partners\"><\/span>Nossos parceiros de publicidade<span class=\"ez-toc-section-end\"><\/span><\/h2>\n<p>Alguns dos anunciantes em nosso site podem usar cookies e web beacons. Nossos parceiros de publicidade est\u00e3o listados abaixo. Cada um de nossos parceiros de publicidade tem sua pr\u00f3pria Pol\u00edtica de Privacidade para suas pol\u00edticas de dados do usu\u00e1rio. Para um acesso mais f\u00e1cil, criamos um hiperlink para suas Pol\u00edticas de Privacidade abaixo.<\/p>\n<ul>\n<li>Google\n<p><a href=\"https:\/\/policies.google.com\/technologies\/ads\" target=\"_blank\" rel=\"noopener\">https:\/\/policies.google.com\/technologies\/ads<\/a><\/li>\n<\/ul>\n<h2><span class=\"ez-toc-section\" id=\"Advertising_Partners_Privacy_Policies\"><\/span>Pol\u00edticas de privacidade de parceiros de publicidade<span class=\"ez-toc-section-end\"><\/span><\/h2>\n<p>Voc\u00ea pode consultar esta lista para encontrar a Pol\u00edtica de Privacidade de cada um dos parceiros de publicidade da hermagic.<\/p>\n<p>Servidores de an\u00fancios ou redes de an\u00fancios de terceiros usam tecnologias como cookies, JavaScript ou Web Beacons que s\u00e3o usados em seus respectivos an\u00fancios e links que aparecem na hermagic, que s\u00e3o enviados diretamente para o navegador dos usu\u00e1rios. Eles recebem automaticamente seu endere\u00e7o IP quando isso ocorre. Essas tecnologias s\u00e3o usadas para medir a efic\u00e1cia de suas campanhas publicit\u00e1rias e\/ou para personalizar o conte\u00fado publicit\u00e1rio que voc\u00ea v\u00ea nos sites que visita.<\/p>\n<p>Observe que a hermagic n\u00e3o tem acesso ou controle sobre esses cookies usados por anunciantes terceirizados.<\/p>\n<h2><span class=\"ez-toc-section\" id=\"Third_Party_Privacy_Policies\"><\/span>Pol\u00edticas de privacidade de terceiros<span class=\"ez-toc-section-end\"><\/span><\/h2>\n<p>A Pol\u00edtica de Privacidade da hermagic n\u00e3o se aplica a outros anunciantes ou websites. Assim, aconselhamos a consulta das respectivas Pol\u00edticas de Privacidade desses servidores de an\u00fancios de terceiros para informa\u00e7\u00f5es mais detalhadas. Pode incluir suas pr\u00e1ticas e instru\u00e7\u00f5es sobre como desativar certas op\u00e7\u00f5es.<\/p>\n<p>Voc\u00ea pode optar por desativar os cookies por meio das op\u00e7\u00f5es individuais do seu navegador. Para saber informa\u00e7\u00f5es mais detalhadas sobre o gerenciamento de cookies com navegadores espec\u00edficos, elas podem ser encontradas nos respectivos sites dos navegadores.<\/p>\n<h2><span class=\"ez-toc-section\" id=\"CCPA_Privacy_Rights_Do_Not_Sell_My_Personal_Information\"><\/span>Direitos de privacidade da CCPA (n\u00e3o venda minhas informa\u00e7\u00f5es pessoais)<span class=\"ez-toc-section-end\"><\/span><\/h2>\n<p>De acordo com a CCPA, entre outros direitos, os consumidores da Calif\u00f3rnia t\u00eam o direito de:<\/p>\n<p>Solicite que uma empresa que coleta dados pessoais de um consumidor divulgue as categorias e partes espec\u00edficas de dados pessoais que uma empresa coletou sobre os consumidores.<\/p>\n<p>Solicite que uma empresa exclua todos os dados pessoais sobre o consumidor que uma empresa coletou.<\/p>\n<p>Solicite que uma empresa que vende os dados pessoais de um consumidor n\u00e3o venda os dados pessoais do consumidor.<\/p>\n<p>Se voc\u00ea fizer uma solicita\u00e7\u00e3o, temos um m\u00eas para responder. Se voc\u00ea deseja exercer algum desses direitos, entre em contato conosco.<\/p>\n<h2><span class=\"ez-toc-section\" id=\"GDPR_Data_Protection_Rights\"><\/span>Direitos de prote\u00e7\u00e3o de dados GDPR<span class=\"ez-toc-section-end\"><\/span><\/h2>\n<p>Gostar\u00edamos de ter certeza de que voc\u00ea est\u00e1 totalmente ciente de todos os seus direitos de prote\u00e7\u00e3o de dados. Todo usu\u00e1rio tem direito ao seguinte:<\/p>\n<p>O direito de acesso \u2013 Voc\u00ea tem o direito de solicitar c\u00f3pias de seus dados pessoais. Podemos cobrar uma pequena taxa por este servi\u00e7o.<\/p>\n<p>O direito de retifica\u00e7\u00e3o \u2013 Voc\u00ea tem o direito de solicitar que corrijamos qualquer informa\u00e7\u00e3o que considere imprecisa. Voc\u00ea tamb\u00e9m tem o direito de solicitar que completemos as informa\u00e7\u00f5es que acredita estarem incompletas.<\/p>\n<p>O direito ao apagamento \u2013 Tem o direito de solicitar que apaguemos os seus dados pessoais, em determinadas condi\u00e7\u00f5es.<\/p>\n<p>O direito de restringir o processamento \u2013 Voc\u00ea tem o direito de solicitar que restrinjamos o processamento de seus dados pessoais, sob certas condi\u00e7\u00f5es.<\/p>\n<p>O direito de se opor ao processamento \u2013 Voc\u00ea tem o direito de se opor ao processamento de seus dados pessoais, sob certas condi\u00e7\u00f5es.<\/p>\n<p>O direito \u00e0 portabilidade de dados \u2013 Voc\u00ea tem o direito de solicitar que transfiramos os dados que coletamos para outra organiza\u00e7\u00e3o, ou diretamente para voc\u00ea, sob certas condi\u00e7\u00f5es.<\/p>\n<p>Se voc\u00ea fizer uma solicita\u00e7\u00e3o, temos um m\u00eas para responder. Se voc\u00ea deseja exercer algum desses direitos, entre em contato conosco.<\/p>\n<h2><span class=\"ez-toc-section\" id=\"Childrens_Information\"><\/span>Informa\u00e7\u00f5es infantis<span class=\"ez-toc-section-end\"><\/span><\/h2>\n<p>Outra parte de nossa prioridade \u00e9 adicionar prote\u00e7\u00e3o para crian\u00e7as durante o uso da Internet. Incentivamos os pais e respons\u00e1veis a observar, participar e\/ou monitorar e orientar suas atividades online.<\/p>\n<p>hermagic n\u00e3o coleta intencionalmente nenhuma informa\u00e7\u00e3o pessoal identific\u00e1vel de crian\u00e7as menores de 13 anos. Se voc\u00ea acha que seu filho forneceu esse tipo de informa\u00e7\u00e3o em nosso site, n\u00f3s o encorajamos a entrar em contato conosco imediatamente e faremos nossos melhores esfor\u00e7os para remover prontamente tais informa\u00e7\u00f5es de nossos registros.<\/p>","protected":false},"excerpt":{"rendered":"<p>At hermagic, accessible from https:\/\/hermagic.com\/, one of our main priorities is the privacy of our visitors. This Privacy Policy document contains types of information that are collected and recorded by hermagic and how we use it. If you have additional questions or require more information about our Privacy Policy, do not hesitate to contact us. [&hellip;]<\/p>","protected":false},"author":1,"featured_media":0,"parent":0,"menu_order":0,"comment_status":"closed","ping_status":"closed","template":"","meta":{"footnotes":""},"class_list":["post-6972","page","type-page","status-publish","hentry"],"_links":{"self":[{"href":"https:\/\/test2.hermagic.com\/pt\/wp-json\/wp\/v2\/pages\/6972","targetHints":{"allow":["GET"]}}],"collection":[{"href":"https:\/\/test2.hermagic.com\/pt\/wp-json\/wp\/v2\/pages"}],"about":[{"href":"https:\/\/test2.hermagic.com\/pt\/wp-json\/wp\/v2\/types\/page"}],"author":[{"embeddable":true,"href":"https:\/\/test2.hermagic.com\/pt\/wp-json\/wp\/v2\/users\/1"}],"replies":[{"embeddable":true,"href":"https:\/\/test2.hermagic.com\/pt\/wp-json\/wp\/v2\/comments?post=6972"}],"version-history":[{"count":0,"href":"https:\/\/test2.hermagic.com\/pt\/wp-json\/wp\/v2\/pages\/6972\/revisions"}],"wp:attachment":[{"href":"https:\/\/test2.hermagic.com\/pt\/wp-json\/wp\/v2\/media?parent=6972"}],"curies":[{"name":"wp","href":"https:\/\/api.w.org\/{rel}","templated":true}]}}