{"id":7265,"date":"2022-10-07T11:01:27","date_gmt":"2022-10-07T05:31:27","guid":{"rendered":"https:\/\/hermagic.com\/?page_id=7265"},"modified":"2023-03-28T13:53:09","modified_gmt":"2023-03-28T08:23:09","slug":"cookie-policy","status":"publish","type":"page","link":"https:\/\/test2.hermagic.com\/pt\/cookie-policy\/","title":{"rendered":"Pol\u00edtica de Cookies"},"content":{"rendered":"<p>Esta \u00e9 a Pol\u00edtica de Cookies da HerMagic, acess\u00edvel em hermagic.com<\/p>\n<p><strong>O que s\u00e3o cookies<\/strong><\/p>\n<p>Como \u00e9 pr\u00e1tica comum em quase todos os sites profissionais, este site usa cookies, que s\u00e3o pequenos arquivos baixados em seu computador, para melhorar sua experi\u00eancia. Esta p\u00e1gina descreve quais informa\u00e7\u00f5es eles coletam, como as usamos e por que \u00e0s vezes precisamos armazenar esses cookies. Tamb\u00e9m compartilharemos como voc\u00ea pode impedir que esses cookies sejam armazenados, no entanto, isso pode prejudicar ou &#039;quebrar&#039; certos elementos da funcionalidade do site.<\/p>\n<p><strong>Como Usamos Cookies<\/strong><\/p>\n<p>Usamos cookies por v\u00e1rios motivos detalhados abaixo. Infelizmente, na maioria dos casos, n\u00e3o h\u00e1 op\u00e7\u00f5es padr\u00e3o da ind\u00fastria para desabilitar os cookies sem desabilitar completamente a funcionalidade e os recursos que eles adicionam a este site. \u00c9 recomend\u00e1vel que voc\u00ea deixe todos os cookies se n\u00e3o tiver certeza se precisa deles ou n\u00e3o, caso sejam usados para fornecer um servi\u00e7o que voc\u00ea usa.<\/p>\n<p><strong>Desabilitando Cookies<\/strong><\/p>\n<p>Voc\u00ea pode impedir a configura\u00e7\u00e3o de cookies ajustando as configura\u00e7\u00f5es do seu navegador (consulte a Ajuda do navegador para saber como fazer isso). Esteja ciente de que desativar os cookies afetar\u00e1 a funcionalidade deste e de muitos outros sites que voc\u00ea visitar. A desativa\u00e7\u00e3o de cookies geralmente resultar\u00e1 na desativa\u00e7\u00e3o de certas funcionalidades e recursos deste site. Portanto, \u00e9 recomend\u00e1vel que voc\u00ea n\u00e3o desative os cookies.<\/p>\n<p><strong>Os Cookies que Definimos<\/strong><\/p>\n<ul>\n<li>Cookies relacionados a boletins informativos por e-mail Este site oferece servi\u00e7os de assinatura de newsletter ou e-mail e os cookies podem ser usados para lembrar se voc\u00ea j\u00e1 est\u00e1 registrado e se deseja mostrar determinadas notifica\u00e7\u00f5es que podem ser v\u00e1lidas apenas para usu\u00e1rios inscritos\/desinscritos.<\/li>\n<\/ul>\n<p><strong>Cookies de terceiros<\/strong><\/p>\n<p>Em alguns casos especiais, tamb\u00e9m usamos cookies fornecidos por terceiros confi\u00e1veis. A se\u00e7\u00e3o a seguir detalha quais cookies de terceiros voc\u00ea pode encontrar neste site.<\/p>\n<ul>\n<li>Este site usa o Google Analytics, que \u00e9 uma das solu\u00e7\u00f5es de an\u00e1lise mais difundidas e confi\u00e1veis na web para nos ajudar a entender como voc\u00ea usa o site e como podemos melhorar sua experi\u00eancia. Esses cookies podem rastrear coisas como quanto tempo voc\u00ea gasta no site e as p\u00e1ginas que voc\u00ea visita, para que possamos continuar a produzir conte\u00fado envolvente. Para obter mais informa\u00e7\u00f5es sobre os cookies do Google Analytics, consulte a p\u00e1gina oficial do Google Analytics.<\/li>\n<li>Periodicamente, testamos novos recursos e fazemos altera\u00e7\u00f5es sutis na forma como o site \u00e9 entregue. Quando ainda estamos testando novos recursos, esses cookies podem ser usados para garantir que voc\u00ea tenha uma experi\u00eancia consistente enquanto estiver no site, ao mesmo tempo em que entendemos quais otimiza\u00e7\u00f5es nossos usu\u00e1rios mais apreciam.<\/li>\n<li>Como vendemos produtos, \u00e9 importante entendermos as estat\u00edsticas sobre quantos visitantes de nosso site realmente fazem uma compra e, como tal, esse \u00e9 o tipo de dados que esses cookies rastrear\u00e3o. Isso \u00e9 importante para voc\u00ea, pois significa que podemos fazer previs\u00f5es de neg\u00f3cios com precis\u00e3o que nos permitem monitorar nossos custos de publicidade e produtos para garantir o melhor pre\u00e7o poss\u00edvel.<\/li>\n<li>O servi\u00e7o Google AdSense que usamos para veicular publicidade usa um cookie DoubleClick para veicular an\u00fancios mais relevantes na web e limitar o n\u00famero de vezes que um determinado an\u00fancio \u00e9 exibido para voc\u00ea. Para obter mais informa\u00e7\u00f5es sobre o Google AdSense, consulte as perguntas frequentes sobre privacidade do Google AdSense.<\/li>\n<li>V\u00e1rios parceiros anunciam em nosso nome e os cookies de rastreamento de afiliados simplesmente nos permitem ver se nossos clientes acessaram o site por meio de um de nossos sites parceiros, para que possamos credit\u00e1-los adequadamente e, quando aplic\u00e1vel, permitir que nossos parceiros afiliados forne\u00e7am qualquer b\u00f4nus que possam fornec\u00ea-lo para fazer uma compra.<\/li>\n<li>Tamb\u00e9m usamos bot\u00f5es de m\u00eddia social e\/ou plug-ins neste site que permitem que voc\u00ea se conecte com sua rede social de v\u00e1rias maneiras. Para que funcionem, os seguintes sites de m\u00eddia social, incluindo; {Liste as redes sociais cujos recursos voc\u00ea integrou ao seu site?:12}, ir\u00e1 definir cookies atrav\u00e9s do nosso site que podem ser usados para aprimorar seu perfil em seu site ou contribuir com os dados que eles mant\u00eam para v\u00e1rios fins descritos em suas respectivas privacidades pol\u00edticas.<\/li>\n<\/ul>\n<p><strong>Mais Informa\u00e7\u00f5es<\/strong><\/p>\n<p>Espero que isso tenha esclarecido as coisas para voc\u00ea e, como foi mencionado anteriormente, se houver algo que voc\u00ea n\u00e3o tem certeza se precisa ou n\u00e3o, geralmente \u00e9 mais seguro deixar os cookies ativados caso interaja com um dos recursos que voc\u00ea usa em nosso site.<\/p>\n<p>No entanto, se ainda estiver \u00e0 procura de mais informa\u00e7\u00f5es, pode contactar-nos atrav\u00e9s de um dos nossos m\u00e9todos de contacto preferidos:<\/p>\n<ul>\n<li>E-mail: hello@hermagic.com<\/li>\n<\/ul>","protected":false},"excerpt":{"rendered":"<p>This is the Cookie Policy for HerMagic, accessible from hermagic.com What Are Cookies As is common practice with almost all professional websites this site uses cookies, which are tiny files that are downloaded to your computer, to improve your experience. This page describes what information they gather, how we use it and why we sometimes [&hellip;]<\/p>","protected":false},"author":1,"featured_media":0,"parent":0,"menu_order":0,"comment_status":"closed","ping_status":"closed","template":"","meta":{"footnotes":""},"class_list":["post-7265","page","type-page","status-publish","hentry"],"_links":{"self":[{"href":"https:\/\/test2.hermagic.com\/pt\/wp-json\/wp\/v2\/pages\/7265","targetHints":{"allow":["GET"]}}],"collection":[{"href":"https:\/\/test2.hermagic.com\/pt\/wp-json\/wp\/v2\/pages"}],"about":[{"href":"https:\/\/test2.hermagic.com\/pt\/wp-json\/wp\/v2\/types\/page"}],"author":[{"embeddable":true,"href":"https:\/\/test2.hermagic.com\/pt\/wp-json\/wp\/v2\/users\/1"}],"replies":[{"embeddable":true,"href":"https:\/\/test2.hermagic.com\/pt\/wp-json\/wp\/v2\/comments?post=7265"}],"version-history":[{"count":0,"href":"https:\/\/test2.hermagic.com\/pt\/wp-json\/wp\/v2\/pages\/7265\/revisions"}],"wp:attachment":[{"href":"https:\/\/test2.hermagic.com\/pt\/wp-json\/wp\/v2\/media?parent=7265"}],"curies":[{"name":"wp","href":"https:\/\/api.w.org\/{rel}","templated":true}]}}