{"id":7268,"date":"2022-10-07T11:07:56","date_gmt":"2022-10-07T05:37:56","guid":{"rendered":"https:\/\/hermagic.com\/?page_id=7268"},"modified":"2023-03-28T13:53:19","modified_gmt":"2023-03-28T08:23:19","slug":"affiliate-policy","status":"publish","type":"page","link":"https:\/\/test2.hermagic.com\/pt\/affiliate-policy\/","title":{"rendered":"pol\u00edtica de afiliados"},"content":{"rendered":"<p>No <a href=\"https:\/\/hermagic.com\/\" target=\"_blank\" rel=\"noopener\">sua magia<\/a> voc\u00ea encontrar\u00e1 links para comprar produtos da Amazon e de outros parceiros. Se voc\u00ea clicar nesses links, \u00e0s vezes descobrir\u00e1 que o URL inclui um pequeno texto extra que identifica que o clique veio de nosso site. Este texto \u00e9 um c\u00f3digo de afiliado, e significa que recebemos uma pequena porcentagem do dinheiro que voc\u00ea gastar se optar por comprar aquele produto; ou, em alguns casos, outros produtos do site logo em seguida.<\/p>\n<p>Esses links afiliados ajudam a pagar os custos de produ\u00e7\u00e3o deste site e garantem que o conte\u00fado seja gratuito para voc\u00ea. No entanto, isso n\u00e3o significa que estejamos em d\u00edvida com a Amazon ou qualquer outra empresa. A empresa tamb\u00e9m n\u00e3o tem influ\u00eancia sobre a cobertura editorial, quais produtos publicamos, como classificamos os produtos ou quais produtos s\u00e3o avaliados positivamente. Nosso conte\u00fado editorial \u00e9 completamente imparcial e baseado em extensos testes e pesquisas. Embora nossa equipe editorial seja frequentemente respons\u00e1vel por inserir links nas p\u00e1ginas, suas an\u00e1lises e recomenda\u00e7\u00f5es s\u00e3o completamente independentes do ponto de vista editorial e n\u00e3o h\u00e1 incentivo para recomendar produtos ruins.<\/p>\n<p>Para mais informa\u00e7\u00f5es, consulte nosso\u00a0<a href=\"https:\/\/hermagic.com\/privacy-policy\" target=\"_blank\" rel=\"noopener\">pol\u00edtica de Privacidade<\/a>\u00a0e\u00a0<a href=\"https:\/\/hermagic.com\/cookie-policy\" target=\"_blank\" rel=\"noopener\">pol\u00edtica de cookies<\/a>.<\/p>","protected":false},"excerpt":{"rendered":"<p>At Her Magic you\u2019ll find links to buy products from Amazon and other partners. If you click on these links, you\u2019ll sometimes find that the URL includes a small extra piece of text that identifies that the click came from our website. This text is an affiliate code, and it means we receive a small [&hellip;]<\/p>","protected":false},"author":1,"featured_media":0,"parent":0,"menu_order":0,"comment_status":"closed","ping_status":"closed","template":"","meta":{"footnotes":""},"class_list":["post-7268","page","type-page","status-publish","hentry"],"_links":{"self":[{"href":"https:\/\/test2.hermagic.com\/pt\/wp-json\/wp\/v2\/pages\/7268","targetHints":{"allow":["GET"]}}],"collection":[{"href":"https:\/\/test2.hermagic.com\/pt\/wp-json\/wp\/v2\/pages"}],"about":[{"href":"https:\/\/test2.hermagic.com\/pt\/wp-json\/wp\/v2\/types\/page"}],"author":[{"embeddable":true,"href":"https:\/\/test2.hermagic.com\/pt\/wp-json\/wp\/v2\/users\/1"}],"replies":[{"embeddable":true,"href":"https:\/\/test2.hermagic.com\/pt\/wp-json\/wp\/v2\/comments?post=7268"}],"version-history":[{"count":0,"href":"https:\/\/test2.hermagic.com\/pt\/wp-json\/wp\/v2\/pages\/7268\/revisions"}],"wp:attachment":[{"href":"https:\/\/test2.hermagic.com\/pt\/wp-json\/wp\/v2\/media?parent=7268"}],"curies":[{"name":"wp","href":"https:\/\/api.w.org\/{rel}","templated":true}]}}